{"id":294,"date":"2016-11-03T16:50:09","date_gmt":"2016-11-03T16:50:09","guid":{"rendered":"http:\/\/lawyer2.mythemecloud.io\/?page_id=294"},"modified":"2023-04-10T12:03:52","modified_gmt":"2023-04-10T10:03:52","slug":"practice-areas","status":"publish","type":"page","link":"https:\/\/sztolniagwarkow.pl\/?page_id=294","title":{"rendered":"Kolekcja g\u00f3rnicza"},"content":{"rendered":"\t\t<div data-elementor-type=\"wp-post\" data-elementor-id=\"294\" class=\"elementor elementor-294\">\n\t\t\t\t\t\t\t\t\t<section class=\"elementor-section elementor-top-section elementor-element elementor-element-bu71rau elementor-section-boxed elementor-section-height-default elementor-section-height-default\" data-id=\"bu71rau\" data-element_type=\"section\" data-settings=\"{&quot;background_background&quot;:&quot;classic&quot;}\">\n\t\t\t\t\t\t<div class=\"elementor-container elementor-column-gap-default\">\n\t\t\t\t\t<div class=\"elementor-column elementor-col-33 elementor-top-column elementor-element elementor-element-p4b3n7m\" data-id=\"p4b3n7m\" data-element_type=\"column\">\n\t\t\t<div class=\"elementor-widget-wrap elementor-element-populated\">\n\t\t\t\t\t\t\t\t<div class=\"elementor-element elementor-element-73gt1to areas-box elementor-position-top elementor-vertical-align-top elementor-widget elementor-widget-image-box\" data-id=\"73gt1to\" data-element_type=\"widget\" data-widget_type=\"image-box.default\">\n\t\t\t\t<div class=\"elementor-widget-container\">\n\t\t\t<style>\/*! elementor - v3.9.2 - 21-12-2022 *\/\n.elementor-widget-image-box .elementor-image-box-content{width:100%}@media (min-width:768px){.elementor-widget-image-box.elementor-position-left .elementor-image-box-wrapper,.elementor-widget-image-box.elementor-position-right .elementor-image-box-wrapper{display:flex}.elementor-widget-image-box.elementor-position-right .elementor-image-box-wrapper{text-align:right;flex-direction:row-reverse}.elementor-widget-image-box.elementor-position-left .elementor-image-box-wrapper{text-align:left;flex-direction:row}.elementor-widget-image-box.elementor-position-top .elementor-image-box-img{margin:auto}.elementor-widget-image-box.elementor-vertical-align-top .elementor-image-box-wrapper{align-items:flex-start}.elementor-widget-image-box.elementor-vertical-align-middle .elementor-image-box-wrapper{align-items:center}.elementor-widget-image-box.elementor-vertical-align-bottom .elementor-image-box-wrapper{align-items:flex-end}}@media (max-width:767px){.elementor-widget-image-box .elementor-image-box-img{margin-left:auto!important;margin-right:auto!important;margin-bottom:15px}}.elementor-widget-image-box .elementor-image-box-img{display:inline-block}.elementor-widget-image-box .elementor-image-box-title a{color:inherit}.elementor-widget-image-box .elementor-image-box-wrapper{text-align:center}.elementor-widget-image-box .elementor-image-box-description{margin:0}<\/style><div class=\"elementor-image-box-wrapper\"><figure class=\"elementor-image-box-img\"><a href=\"http:\/\/sztolniagwarkow.pl\/?page_id=1556\"><img loading=\"lazy\" decoding=\"async\" width=\"600\" height=\"316\" src=\"https:\/\/sztolniagwarkow.pl\/wp-content\/uploads\/2023\/04\/Lampy1.jpg\" class=\"attachment-full size-full wp-image-3054\" alt=\"\" srcset=\"https:\/\/sztolniagwarkow.pl\/wp-content\/uploads\/2023\/04\/Lampy1.jpg 600w, https:\/\/sztolniagwarkow.pl\/wp-content\/uploads\/2023\/04\/Lampy1-300x158.jpg 300w\" sizes=\"auto, (max-width: 600px) 100vw, 600px\" \/><\/a><\/figure><div class=\"elementor-image-box-content\"><h2 class=\"elementor-image-box-title\"><a href=\"http:\/\/sztolniagwarkow.pl\/?page_id=1556\">Lampy g\u00f3rnicze<\/a><\/h2><p class=\"elementor-image-box-description\">Kolekcja kilkuset lamp g\u00f3rniczych z czas\u00f3w od XVIII wieku. <\/p><\/div><\/div>\t\t<\/div>\n\t\t\t\t<\/div>\n\t\t\t\t<div class=\"elementor-element elementor-element-c1fa6e0 areas-box elementor-position-top elementor-vertical-align-top elementor-widget elementor-widget-image-box\" data-id=\"c1fa6e0\" data-element_type=\"widget\" data-widget_type=\"image-box.default\">\n\t\t\t\t<div class=\"elementor-widget-container\">\n\t\t\t<div class=\"elementor-image-box-wrapper\"><figure class=\"elementor-image-box-img\"><a href=\"http:\/\/sztolniagwarkow.pl\/?page_id=2965\"><img loading=\"lazy\" decoding=\"async\" width=\"600\" height=\"316\" src=\"https:\/\/sztolniagwarkow.pl\/wp-content\/uploads\/2023\/04\/Odznaczenia_na_mundurze.jpg\" class=\"attachment-full size-full wp-image-3048\" alt=\"\" srcset=\"https:\/\/sztolniagwarkow.pl\/wp-content\/uploads\/2023\/04\/Odznaczenia_na_mundurze.jpg 600w, https:\/\/sztolniagwarkow.pl\/wp-content\/uploads\/2023\/04\/Odznaczenia_na_mundurze-300x158.jpg 300w\" sizes=\"auto, (max-width: 600px) 100vw, 600px\" \/><\/a><\/figure><div class=\"elementor-image-box-content\"><h2 class=\"elementor-image-box-title\"><a href=\"http:\/\/sztolniagwarkow.pl\/?page_id=2965\">Na Mundurze <\/a><\/h2><p class=\"elementor-image-box-description\">Kolekcja medali, odznacze\u0144 z wa\u0142brzyskich mundur\u00f3w g\u00f3rniczych  <\/p><\/div><\/div>\t\t<\/div>\n\t\t\t\t<\/div>\n\t\t\t\t<div class=\"elementor-element elementor-element-mudrmeq areas-box elementor-position-top elementor-vertical-align-top elementor-widget elementor-widget-image-box\" data-id=\"mudrmeq\" data-element_type=\"widget\" data-widget_type=\"image-box.default\">\n\t\t\t\t<div class=\"elementor-widget-container\">\n\t\t\t<div class=\"elementor-image-box-wrapper\"><figure class=\"elementor-image-box-img\"><a href=\"http:\/\/sztolniagwarkow.pl\/?page_id=2501\"><img loading=\"lazy\" decoding=\"async\" width=\"600\" height=\"316\" src=\"https:\/\/sztolniagwarkow.pl\/wp-content\/uploads\/2023\/04\/Ludzie-wegla-2.jpg\" class=\"attachment-full size-full wp-image-3063\" alt=\"\" srcset=\"https:\/\/sztolniagwarkow.pl\/wp-content\/uploads\/2023\/04\/Ludzie-wegla-2.jpg 600w, https:\/\/sztolniagwarkow.pl\/wp-content\/uploads\/2023\/04\/Ludzie-wegla-2-300x158.jpg 300w\" sizes=\"auto, (max-width: 600px) 100vw, 600px\" \/><\/a><\/figure><div class=\"elementor-image-box-content\"><h2 class=\"elementor-image-box-title\"><a href=\"http:\/\/sztolniagwarkow.pl\/?page_id=2501\">Dokumenty G\u00f3rnicze<\/a><\/h2><p class=\"elementor-image-box-description\">Dokumenty dotycz\u0105ce historii g\u00f3rnictwa wa\u0142brzyskiego: \u015bwiadectwa pracy, uzyskane uprawnienia, nadania g\u00f3rnicze,  dyplomy wy\u017cszych uczelni g\u00f3rniczych i inne.<br><\/p><\/div><\/div>\t\t<\/div>\n\t\t\t\t<\/div>\n\t\t\t\t\t<\/div>\n\t\t<\/div>\n\t\t\t\t<div class=\"elementor-column elementor-col-33 elementor-top-column elementor-element elementor-element-cded084\" data-id=\"cded084\" data-element_type=\"column\">\n\t\t\t<div class=\"elementor-widget-wrap elementor-element-populated\">\n\t\t\t\t\t\t\t\t<div class=\"elementor-element elementor-element-o8y6vue areas-box elementor-position-top elementor-vertical-align-top elementor-widget elementor-widget-image-box\" data-id=\"o8y6vue\" data-element_type=\"widget\" data-widget_type=\"image-box.default\">\n\t\t\t\t<div class=\"elementor-widget-container\">\n\t\t\t<div class=\"elementor-image-box-wrapper\"><figure class=\"elementor-image-box-img\"><a href=\"http:\/\/sztolniagwarkow.pl\/?page_id=1586\"><img loading=\"lazy\" decoding=\"async\" width=\"600\" height=\"316\" src=\"https:\/\/sztolniagwarkow.pl\/wp-content\/uploads\/2023\/04\/Kufle1.jpg\" class=\"attachment-full size-full wp-image-3056\" alt=\"\" srcset=\"https:\/\/sztolniagwarkow.pl\/wp-content\/uploads\/2023\/04\/Kufle1.jpg 600w, https:\/\/sztolniagwarkow.pl\/wp-content\/uploads\/2023\/04\/Kufle1-300x158.jpg 300w\" sizes=\"auto, (max-width: 600px) 100vw, 600px\" \/><\/a><\/figure><div class=\"elementor-image-box-content\"><h2 class=\"elementor-image-box-title\"><a href=\"http:\/\/sztolniagwarkow.pl\/?page_id=1586\">G\u00f3rnicze Karczmy XX wiek<\/a><\/h2><p class=\"elementor-image-box-description\">Kolekcja kilkuset kufli z karczm g\u00f3rniczych oraz innych pami\u0105tek.<\/p><\/div><\/div>\t\t<\/div>\n\t\t\t\t<\/div>\n\t\t\t\t<div class=\"elementor-element elementor-element-f912e95 areas-box elementor-position-top elementor-vertical-align-top elementor-widget elementor-widget-image-box\" data-id=\"f912e95\" data-element_type=\"widget\" data-widget_type=\"image-box.default\">\n\t\t\t\t<div class=\"elementor-widget-container\">\n\t\t\t<div class=\"elementor-image-box-wrapper\"><figure class=\"elementor-image-box-img\"><a href=\"http:\/\/sztolniagwarkow.pl\/?page_id=2838\"><img loading=\"lazy\" decoding=\"async\" width=\"600\" height=\"316\" src=\"https:\/\/sztolniagwarkow.pl\/wp-content\/uploads\/2023\/03\/solidarnosc.jpg\" class=\"attachment-full size-full wp-image-2944\" alt=\"\" srcset=\"https:\/\/sztolniagwarkow.pl\/wp-content\/uploads\/2023\/03\/solidarnosc.jpg 600w, https:\/\/sztolniagwarkow.pl\/wp-content\/uploads\/2023\/03\/solidarnosc-300x158.jpg 300w\" sizes=\"auto, (max-width: 600px) 100vw, 600px\" \/><\/a><\/figure><div class=\"elementor-image-box-content\"><h2 class=\"elementor-image-box-title\"><a href=\"http:\/\/sztolniagwarkow.pl\/?page_id=2838\">Solidarno\u015b\u0107 G\u00f3rnicza<\/a><\/h2><p class=\"elementor-image-box-description\">Wa\u0142brzyska \"Solidarno\u015b\u0107\" G\u00f3rnicza - historia, plakietki, ulotki, gazetki         <br><\/p><\/div><\/div>\t\t<\/div>\n\t\t\t\t<\/div>\n\t\t\t\t<div class=\"elementor-element elementor-element-7597441 areas-box elementor-position-top elementor-vertical-align-top elementor-widget elementor-widget-image-box\" data-id=\"7597441\" data-element_type=\"widget\" data-widget_type=\"image-box.default\">\n\t\t\t\t<div class=\"elementor-widget-container\">\n\t\t\t<div class=\"elementor-image-box-wrapper\"><figure class=\"elementor-image-box-img\"><a href=\"http:\/\/sztolniagwarkow.pl\/?page_id=2142\"><img loading=\"lazy\" decoding=\"async\" width=\"600\" height=\"316\" src=\"https:\/\/sztolniagwarkow.pl\/wp-content\/uploads\/2023\/02\/lata-xx.jpg\" class=\"attachment-full size-full wp-image-2233\" alt=\"Pami\u0105tki z Barb\u00f3rek - XXI wiek\" srcset=\"https:\/\/sztolniagwarkow.pl\/wp-content\/uploads\/2023\/02\/lata-xx.jpg 600w, https:\/\/sztolniagwarkow.pl\/wp-content\/uploads\/2023\/02\/lata-xx-300x158.jpg 300w\" sizes=\"auto, (max-width: 600px) 100vw, 600px\" \/><\/a><\/figure><div class=\"elementor-image-box-content\"><h2 class=\"elementor-image-box-title\"><a href=\"http:\/\/sztolniagwarkow.pl\/?page_id=2142\">G\u00f3rnicze Karczmy - XXI wiek<\/a><\/h2><p class=\"elementor-image-box-description\">Najnowsze pami\u0105tki, kufle oraz kroniki z wa\u0142brzyskich g\u00f3rniczych karczm  piwnych, kt\u00f3re si\u0119 odbywa\u0142y w Hali OSIR, Aqua Zdroju, Hali G\u00f3rnik oraz na Starej Kopalni.  <\/p><\/div><\/div>\t\t<\/div>\n\t\t\t\t<\/div>\n\t\t\t\t\t<\/div>\n\t\t<\/div>\n\t\t\t\t<div class=\"elementor-column elementor-col-33 elementor-top-column elementor-element elementor-element-94z8gp3\" data-id=\"94z8gp3\" data-element_type=\"column\">\n\t\t\t<div class=\"elementor-widget-wrap elementor-element-populated\">\n\t\t\t\t\t\t\t\t<div class=\"elementor-element elementor-element-osow2h8 areas-box elementor-position-top elementor-vertical-align-top elementor-widget elementor-widget-image-box\" data-id=\"osow2h8\" data-element_type=\"widget\" data-widget_type=\"image-box.default\">\n\t\t\t\t<div class=\"elementor-widget-container\">\n\t\t\t<div class=\"elementor-image-box-wrapper\"><figure class=\"elementor-image-box-img\"><a href=\"http:\/\/sztolniagwarkow.pl\/?p=2365\"><img loading=\"lazy\" decoding=\"async\" width=\"600\" height=\"316\" src=\"https:\/\/sztolniagwarkow.pl\/wp-content\/uploads\/2023\/04\/ratownictwo1.jpg\" class=\"attachment-full size-full wp-image-3055\" alt=\"\" srcset=\"https:\/\/sztolniagwarkow.pl\/wp-content\/uploads\/2023\/04\/ratownictwo1.jpg 600w, https:\/\/sztolniagwarkow.pl\/wp-content\/uploads\/2023\/04\/ratownictwo1-300x158.jpg 300w\" sizes=\"auto, (max-width: 600px) 100vw, 600px\" \/><\/a><\/figure><div class=\"elementor-image-box-content\"><h2 class=\"elementor-image-box-title\"><a href=\"http:\/\/sztolniagwarkow.pl\/?p=2365\">Ratownictwo G\u00f3rnicze<\/a><\/h2><p class=\"elementor-image-box-description\">Pami\u0105tki zwi\u0105zane z wa\u0142brzyskim ratownictwem g\u00f3rniczym - medale, dyplomy, legitymacje... <br><\/p><\/div><\/div>\t\t<\/div>\n\t\t\t\t<\/div>\n\t\t\t\t\t<\/div>\n\t\t<\/div>\n\t\t\t\t\t\t\t<\/div>\n\t\t<\/section>\n\t\t\t\t\t\t\t<\/div>\n\t\t","protected":false},"excerpt":{"rendered":"<p>Lampy g\u00f3rnicze Kolekcja kilkuset lamp g\u00f3rniczych z czas\u00f3w od XVIII wieku. Na Mundurze Kolekcja medali, odznacze\u0144 z wa\u0142brzyskich mundur\u00f3w g\u00f3rniczych Dokumenty G\u00f3rnicze Dokumenty dotycz\u0105ce historii g\u00f3rnictwa wa\u0142brzyskiego: \u015bwiadectwa pracy, uzyskane uprawnienia, nadania g\u00f3rnicze, dyplomy wy\u017cszych uczelni g\u00f3rniczych i inne. G\u00f3rnicze Karczmy XX wiek Kolekcja kilkuset kufli z karczm g\u00f3rniczych oraz innych pami\u0105tek. Solidarno\u015b\u0107 G\u00f3rnicza Wa\u0142brzyska [&hellip;]<\/p>\n","protected":false},"author":1,"featured_media":0,"parent":0,"menu_order":0,"comment_status":"closed","ping_status":"closed","template":"","meta":{"ngg_post_thumbnail":0,"footnotes":""},"class_list":["post-294","page","type-page","status-publish","hentry","entry"],"yoast_head":"<!-- This site is optimized with the Yoast SEO plugin v19.0 - https:\/\/yoast.com\/wordpress\/plugins\/seo\/ -->\n<title>Kolekcja g\u00f3rnicza - Kolekcja g\u00f3rnicza<\/title>\n<meta name=\"robots\" content=\"index, follow, max-snippet:-1, max-image-preview:large, max-video-preview:-1\" \/>\n<link rel=\"canonical\" href=\"https:\/\/sztolniagwarkow.pl\/?page_id=294\" \/>\n<meta property=\"og:locale\" content=\"pl_PL\" \/>\n<meta property=\"og:type\" content=\"article\" \/>\n<meta property=\"og:title\" content=\"Kolekcja g\u00f3rnicza - Kolekcja g\u00f3rnicza\" \/>\n<meta property=\"og:description\" content=\"Lampy g\u00f3rnicze Kolekcja kilkuset lamp g\u00f3rniczych z czas\u00f3w od XVIII wieku. Na Mundurze Kolekcja medali, odznacze\u0144 z wa\u0142brzyskich mundur\u00f3w g\u00f3rniczych Dokumenty G\u00f3rnicze Dokumenty dotycz\u0105ce historii g\u00f3rnictwa wa\u0142brzyskiego: \u015bwiadectwa pracy, uzyskane uprawnienia, nadania g\u00f3rnicze, dyplomy wy\u017cszych uczelni g\u00f3rniczych i inne. G\u00f3rnicze Karczmy XX wiek Kolekcja kilkuset kufli z karczm g\u00f3rniczych oraz innych pami\u0105tek. Solidarno\u015b\u0107 G\u00f3rnicza Wa\u0142brzyska [&hellip;]\" \/>\n<meta property=\"og:url\" content=\"https:\/\/sztolniagwarkow.pl\/?page_id=294\" \/>\n<meta property=\"og:site_name\" content=\"Kolekcja g\u00f3rnicza\" \/>\n<meta property=\"article:modified_time\" content=\"2023-04-10T10:03:52+00:00\" \/>\n<meta property=\"og:image\" content=\"http:\/\/sztolniagwarkow.pl\/wp-content\/uploads\/2023\/04\/Lampy1.jpg\" \/>\n<meta name=\"twitter:card\" content=\"summary_large_image\" \/>\n<meta name=\"twitter:label1\" content=\"Szacowany czas czytania\" \/>\n\t<meta name=\"twitter:data1\" content=\"2 minuty\" \/>\n<script type=\"application\/ld+json\" class=\"yoast-schema-graph\">{\"@context\":\"https:\/\/schema.org\",\"@graph\":[{\"@type\":\"WebSite\",\"@id\":\"https:\/\/sztolniagwarkow.pl\/#website\",\"url\":\"https:\/\/sztolniagwarkow.pl\/\",\"name\":\"Kolekcja g\u00f3rnicza\",\"description\":\"Kolekcja pami\u0105tek g\u00f3rniczych Zbigniewa J\u00f3\u017awiakowskiego - zachowajmy pami\u0119\u0107 o g\u00f3rniczych tradycjach w Wa\u0142brzych.\",\"potentialAction\":[{\"@type\":\"SearchAction\",\"target\":{\"@type\":\"EntryPoint\",\"urlTemplate\":\"https:\/\/sztolniagwarkow.pl\/?s={search_term_string}\"},\"query-input\":\"required name=search_term_string\"}],\"inLanguage\":\"pl-PL\"},{\"@type\":\"ImageObject\",\"inLanguage\":\"pl-PL\",\"@id\":\"https:\/\/sztolniagwarkow.pl\/?page_id=294#primaryimage\",\"url\":\"https:\/\/sztolniagwarkow.pl\/wp-content\/uploads\/2023\/04\/Lampy1.jpg\",\"contentUrl\":\"https:\/\/sztolniagwarkow.pl\/wp-content\/uploads\/2023\/04\/Lampy1.jpg\",\"width\":600,\"height\":316},{\"@type\":\"WebPage\",\"@id\":\"https:\/\/sztolniagwarkow.pl\/?page_id=294#webpage\",\"url\":\"https:\/\/sztolniagwarkow.pl\/?page_id=294\",\"name\":\"Kolekcja g\u00f3rnicza - Kolekcja g\u00f3rnicza\",\"isPartOf\":{\"@id\":\"https:\/\/sztolniagwarkow.pl\/#website\"},\"primaryImageOfPage\":{\"@id\":\"https:\/\/sztolniagwarkow.pl\/?page_id=294#primaryimage\"},\"datePublished\":\"2016-11-03T16:50:09+00:00\",\"dateModified\":\"2023-04-10T10:03:52+00:00\",\"breadcrumb\":{\"@id\":\"https:\/\/sztolniagwarkow.pl\/?page_id=294#breadcrumb\"},\"inLanguage\":\"pl-PL\",\"potentialAction\":[{\"@type\":\"ReadAction\",\"target\":[\"https:\/\/sztolniagwarkow.pl\/?page_id=294\"]}]},{\"@type\":\"BreadcrumbList\",\"@id\":\"https:\/\/sztolniagwarkow.pl\/?page_id=294#breadcrumb\",\"itemListElement\":[{\"@type\":\"ListItem\",\"position\":1,\"name\":\"Home\",\"item\":\"https:\/\/sztolniagwarkow.pl\/\"},{\"@type\":\"ListItem\",\"position\":2,\"name\":\"Kolekcja g\u00f3rnicza\"}]}]}<\/script>\n<!-- \/ Yoast SEO plugin. -->","yoast_head_json":{"title":"Kolekcja g\u00f3rnicza - Kolekcja g\u00f3rnicza","robots":{"index":"index","follow":"follow","max-snippet":"max-snippet:-1","max-image-preview":"max-image-preview:large","max-video-preview":"max-video-preview:-1"},"canonical":"https:\/\/sztolniagwarkow.pl\/?page_id=294","og_locale":"pl_PL","og_type":"article","og_title":"Kolekcja g\u00f3rnicza - Kolekcja g\u00f3rnicza","og_description":"Lampy g\u00f3rnicze Kolekcja kilkuset lamp g\u00f3rniczych z czas\u00f3w od XVIII wieku. Na Mundurze Kolekcja medali, odznacze\u0144 z wa\u0142brzyskich mundur\u00f3w g\u00f3rniczych Dokumenty G\u00f3rnicze Dokumenty dotycz\u0105ce historii g\u00f3rnictwa wa\u0142brzyskiego: \u015bwiadectwa pracy, uzyskane uprawnienia, nadania g\u00f3rnicze, dyplomy wy\u017cszych uczelni g\u00f3rniczych i inne. G\u00f3rnicze Karczmy XX wiek Kolekcja kilkuset kufli z karczm g\u00f3rniczych oraz innych pami\u0105tek. Solidarno\u015b\u0107 G\u00f3rnicza Wa\u0142brzyska [&hellip;]","og_url":"https:\/\/sztolniagwarkow.pl\/?page_id=294","og_site_name":"Kolekcja g\u00f3rnicza","article_modified_time":"2023-04-10T10:03:52+00:00","og_image":[{"url":"http:\/\/sztolniagwarkow.pl\/wp-content\/uploads\/2023\/04\/Lampy1.jpg"}],"twitter_card":"summary_large_image","twitter_misc":{"Szacowany czas czytania":"2 minuty"},"schema":{"@context":"https:\/\/schema.org","@graph":[{"@type":"WebSite","@id":"https:\/\/sztolniagwarkow.pl\/#website","url":"https:\/\/sztolniagwarkow.pl\/","name":"Kolekcja g\u00f3rnicza","description":"Kolekcja pami\u0105tek g\u00f3rniczych Zbigniewa J\u00f3\u017awiakowskiego - zachowajmy pami\u0119\u0107 o g\u00f3rniczych tradycjach w Wa\u0142brzych.","potentialAction":[{"@type":"SearchAction","target":{"@type":"EntryPoint","urlTemplate":"https:\/\/sztolniagwarkow.pl\/?s={search_term_string}"},"query-input":"required name=search_term_string"}],"inLanguage":"pl-PL"},{"@type":"ImageObject","inLanguage":"pl-PL","@id":"https:\/\/sztolniagwarkow.pl\/?page_id=294#primaryimage","url":"https:\/\/sztolniagwarkow.pl\/wp-content\/uploads\/2023\/04\/Lampy1.jpg","contentUrl":"https:\/\/sztolniagwarkow.pl\/wp-content\/uploads\/2023\/04\/Lampy1.jpg","width":600,"height":316},{"@type":"WebPage","@id":"https:\/\/sztolniagwarkow.pl\/?page_id=294#webpage","url":"https:\/\/sztolniagwarkow.pl\/?page_id=294","name":"Kolekcja g\u00f3rnicza - Kolekcja g\u00f3rnicza","isPartOf":{"@id":"https:\/\/sztolniagwarkow.pl\/#website"},"primaryImageOfPage":{"@id":"https:\/\/sztolniagwarkow.pl\/?page_id=294#primaryimage"},"datePublished":"2016-11-03T16:50:09+00:00","dateModified":"2023-04-10T10:03:52+00:00","breadcrumb":{"@id":"https:\/\/sztolniagwarkow.pl\/?page_id=294#breadcrumb"},"inLanguage":"pl-PL","potentialAction":[{"@type":"ReadAction","target":["https:\/\/sztolniagwarkow.pl\/?page_id=294"]}]},{"@type":"BreadcrumbList","@id":"https:\/\/sztolniagwarkow.pl\/?page_id=294#breadcrumb","itemListElement":[{"@type":"ListItem","position":1,"name":"Home","item":"https:\/\/sztolniagwarkow.pl\/"},{"@type":"ListItem","position":2,"name":"Kolekcja g\u00f3rnicza"}]}]}},"_links":{"self":[{"href":"https:\/\/sztolniagwarkow.pl\/index.php?rest_route=\/wp\/v2\/pages\/294","targetHints":{"allow":["GET"]}}],"collection":[{"href":"https:\/\/sztolniagwarkow.pl\/index.php?rest_route=\/wp\/v2\/pages"}],"about":[{"href":"https:\/\/sztolniagwarkow.pl\/index.php?rest_route=\/wp\/v2\/types\/page"}],"author":[{"embeddable":true,"href":"https:\/\/sztolniagwarkow.pl\/index.php?rest_route=\/wp\/v2\/users\/1"}],"replies":[{"embeddable":true,"href":"https:\/\/sztolniagwarkow.pl\/index.php?rest_route=%2Fwp%2Fv2%2Fcomments&post=294"}],"version-history":[{"count":58,"href":"https:\/\/sztolniagwarkow.pl\/index.php?rest_route=\/wp\/v2\/pages\/294\/revisions"}],"predecessor-version":[{"id":3078,"href":"https:\/\/sztolniagwarkow.pl\/index.php?rest_route=\/wp\/v2\/pages\/294\/revisions\/3078"}],"wp:attachment":[{"href":"https:\/\/sztolniagwarkow.pl\/index.php?rest_route=%2Fwp%2Fv2%2Fmedia&parent=294"}],"curies":[{"name":"wp","href":"https:\/\/api.w.org\/{rel}","templated":true}]}}