{"id":3619,"date":"2024-08-20T15:14:37","date_gmt":"2024-08-20T13:14:37","guid":{"rendered":"https:\/\/sztolniagwarkow.pl\/?page_id=3619"},"modified":"2024-08-20T15:14:38","modified_gmt":"2024-08-20T13:14:38","slug":"grzegorz-zalewski","status":"publish","type":"page","link":"https:\/\/sztolniagwarkow.pl\/?page_id=3619","title":{"rendered":"Grzegorz Zalewski"},"content":{"rendered":"\n<figure class=\"wp-block-gallery has-nested-images columns-default is-cropped wp-block-gallery-1 is-layout-flex wp-block-gallery-is-layout-flex\">\n<figure class=\"wp-block-image size-large\"><img loading=\"lazy\" decoding=\"async\" width=\"612\" height=\"871\" data-id=\"3621\" src=\"https:\/\/sztolniagwarkow.pl\/wp-content\/uploads\/2024\/08\/Zalewski001.jpg\" alt=\"\" class=\"wp-image-3621\" srcset=\"https:\/\/sztolniagwarkow.pl\/wp-content\/uploads\/2024\/08\/Zalewski001.jpg 612w, https:\/\/sztolniagwarkow.pl\/wp-content\/uploads\/2024\/08\/Zalewski001-211x300.jpg 211w\" sizes=\"auto, (max-width: 612px) 100vw, 612px\" \/><\/figure>\n\n\n\n<figure class=\"wp-block-image size-large\"><img loading=\"lazy\" decoding=\"async\" width=\"612\" height=\"871\" data-id=\"3624\" src=\"https:\/\/sztolniagwarkow.pl\/wp-content\/uploads\/2024\/08\/Zalewski002.jpg\" alt=\"\" class=\"wp-image-3624\" srcset=\"https:\/\/sztolniagwarkow.pl\/wp-content\/uploads\/2024\/08\/Zalewski002.jpg 612w, https:\/\/sztolniagwarkow.pl\/wp-content\/uploads\/2024\/08\/Zalewski002-211x300.jpg 211w\" sizes=\"auto, (max-width: 612px) 100vw, 612px\" \/><\/figure>\n\n\n\n<figure class=\"wp-block-image size-large\"><img loading=\"lazy\" decoding=\"async\" width=\"612\" height=\"871\" data-id=\"3620\" src=\"https:\/\/sztolniagwarkow.pl\/wp-content\/uploads\/2024\/08\/Zalewski003.jpg\" alt=\"\" class=\"wp-image-3620\" srcset=\"https:\/\/sztolniagwarkow.pl\/wp-content\/uploads\/2024\/08\/Zalewski003.jpg 612w, https:\/\/sztolniagwarkow.pl\/wp-content\/uploads\/2024\/08\/Zalewski003-211x300.jpg 211w\" sizes=\"auto, (max-width: 612px) 100vw, 612px\" \/><\/figure>\n\n\n\n<figure class=\"wp-block-image size-large\"><img loading=\"lazy\" decoding=\"async\" width=\"816\" height=\"667\" data-id=\"3625\" src=\"https:\/\/sztolniagwarkow.pl\/wp-content\/uploads\/2024\/08\/Zalewski005.jpg\" alt=\"\" class=\"wp-image-3625\" srcset=\"https:\/\/sztolniagwarkow.pl\/wp-content\/uploads\/2024\/08\/Zalewski005.jpg 816w, https:\/\/sztolniagwarkow.pl\/wp-content\/uploads\/2024\/08\/Zalewski005-300x245.jpg 300w, https:\/\/sztolniagwarkow.pl\/wp-content\/uploads\/2024\/08\/Zalewski005-768x628.jpg 768w\" sizes=\"auto, (max-width: 816px) 100vw, 816px\" \/><\/figure>\n\n\n\n<figure class=\"wp-block-image size-large\"><img loading=\"lazy\" decoding=\"async\" width=\"816\" height=\"667\" data-id=\"3623\" src=\"https:\/\/sztolniagwarkow.pl\/wp-content\/uploads\/2024\/08\/Zalewski006.jpg\" alt=\"\" class=\"wp-image-3623\" srcset=\"https:\/\/sztolniagwarkow.pl\/wp-content\/uploads\/2024\/08\/Zalewski006.jpg 816w, https:\/\/sztolniagwarkow.pl\/wp-content\/uploads\/2024\/08\/Zalewski006-300x245.jpg 300w, https:\/\/sztolniagwarkow.pl\/wp-content\/uploads\/2024\/08\/Zalewski006-768x628.jpg 768w\" sizes=\"auto, (max-width: 816px) 100vw, 816px\" \/><\/figure>\n\n\n\n<figure class=\"wp-block-image size-large\"><img loading=\"lazy\" decoding=\"async\" width=\"816\" height=\"667\" data-id=\"3627\" src=\"https:\/\/sztolniagwarkow.pl\/wp-content\/uploads\/2024\/08\/Zalewski007.jpg\" alt=\"\" class=\"wp-image-3627\" srcset=\"https:\/\/sztolniagwarkow.pl\/wp-content\/uploads\/2024\/08\/Zalewski007.jpg 816w, https:\/\/sztolniagwarkow.pl\/wp-content\/uploads\/2024\/08\/Zalewski007-300x245.jpg 300w, https:\/\/sztolniagwarkow.pl\/wp-content\/uploads\/2024\/08\/Zalewski007-768x628.jpg 768w\" sizes=\"auto, (max-width: 816px) 100vw, 816px\" \/><\/figure>\n\n\n\n<figure class=\"wp-block-image size-large\"><img loading=\"lazy\" decoding=\"async\" width=\"871\" height=\"612\" data-id=\"3639\" src=\"https:\/\/sztolniagwarkow.pl\/wp-content\/uploads\/2024\/08\/Zalewski047.jpg\" alt=\"\" class=\"wp-image-3639\" srcset=\"https:\/\/sztolniagwarkow.pl\/wp-content\/uploads\/2024\/08\/Zalewski047.jpg 871w, https:\/\/sztolniagwarkow.pl\/wp-content\/uploads\/2024\/08\/Zalewski047-300x211.jpg 300w, https:\/\/sztolniagwarkow.pl\/wp-content\/uploads\/2024\/08\/Zalewski047-768x540.jpg 768w\" sizes=\"auto, (max-width: 871px) 100vw, 871px\" \/><\/figure>\n\n\n\n<figure class=\"wp-block-image size-large\"><img loading=\"lazy\" decoding=\"async\" width=\"816\" height=\"667\" data-id=\"3629\" src=\"https:\/\/sztolniagwarkow.pl\/wp-content\/uploads\/2024\/08\/Zalewski008.jpg\" alt=\"\" class=\"wp-image-3629\" srcset=\"https:\/\/sztolniagwarkow.pl\/wp-content\/uploads\/2024\/08\/Zalewski008.jpg 816w, https:\/\/sztolniagwarkow.pl\/wp-content\/uploads\/2024\/08\/Zalewski008-300x245.jpg 300w, https:\/\/sztolniagwarkow.pl\/wp-content\/uploads\/2024\/08\/Zalewski008-768x628.jpg 768w\" sizes=\"auto, (max-width: 816px) 100vw, 816px\" \/><\/figure>\n\n\n\n<figure class=\"wp-block-image size-large\"><img loading=\"lazy\" decoding=\"async\" width=\"816\" height=\"667\" data-id=\"3632\" src=\"https:\/\/sztolniagwarkow.pl\/wp-content\/uploads\/2024\/08\/Zalewski009-1.jpg\" alt=\"\" class=\"wp-image-3632\" srcset=\"https:\/\/sztolniagwarkow.pl\/wp-content\/uploads\/2024\/08\/Zalewski009-1.jpg 816w, https:\/\/sztolniagwarkow.pl\/wp-content\/uploads\/2024\/08\/Zalewski009-1-300x245.jpg 300w, https:\/\/sztolniagwarkow.pl\/wp-content\/uploads\/2024\/08\/Zalewski009-1-768x628.jpg 768w\" sizes=\"auto, (max-width: 816px) 100vw, 816px\" \/><\/figure>\n\n\n\n<figure class=\"wp-block-image size-large\"><img loading=\"lazy\" decoding=\"async\" width=\"612\" height=\"871\" data-id=\"3630\" src=\"https:\/\/sztolniagwarkow.pl\/wp-content\/uploads\/2024\/08\/Zalewski010.jpg\" alt=\"\" class=\"wp-image-3630\" srcset=\"https:\/\/sztolniagwarkow.pl\/wp-content\/uploads\/2024\/08\/Zalewski010.jpg 612w, https:\/\/sztolniagwarkow.pl\/wp-content\/uploads\/2024\/08\/Zalewski010-211x300.jpg 211w\" sizes=\"auto, (max-width: 612px) 100vw, 612px\" \/><\/figure>\n\n\n\n<figure class=\"wp-block-image size-large\"><img loading=\"lazy\" decoding=\"async\" width=\"612\" height=\"871\" data-id=\"3622\" src=\"https:\/\/sztolniagwarkow.pl\/wp-content\/uploads\/2024\/08\/Zalewski004.jpg\" alt=\"\" class=\"wp-image-3622\" srcset=\"https:\/\/sztolniagwarkow.pl\/wp-content\/uploads\/2024\/08\/Zalewski004.jpg 612w, https:\/\/sztolniagwarkow.pl\/wp-content\/uploads\/2024\/08\/Zalewski004-211x300.jpg 211w\" sizes=\"auto, (max-width: 612px) 100vw, 612px\" \/><\/figure>\n\n\n\n<figure class=\"wp-block-image size-large\"><img loading=\"lazy\" decoding=\"async\" width=\"816\" height=\"667\" data-id=\"3628\" src=\"https:\/\/sztolniagwarkow.pl\/wp-content\/uploads\/2024\/08\/Zalewski011.jpg\" alt=\"\" class=\"wp-image-3628\" srcset=\"https:\/\/sztolniagwarkow.pl\/wp-content\/uploads\/2024\/08\/Zalewski011.jpg 816w, https:\/\/sztolniagwarkow.pl\/wp-content\/uploads\/2024\/08\/Zalewski011-300x245.jpg 300w, https:\/\/sztolniagwarkow.pl\/wp-content\/uploads\/2024\/08\/Zalewski011-768x628.jpg 768w\" sizes=\"auto, (max-width: 816px) 100vw, 816px\" \/><\/figure>\n\n\n\n<figure class=\"wp-block-image size-large\"><img loading=\"lazy\" decoding=\"async\" width=\"816\" height=\"667\" data-id=\"3631\" src=\"https:\/\/sztolniagwarkow.pl\/wp-content\/uploads\/2024\/08\/Zalewski012.jpg\" alt=\"\" class=\"wp-image-3631\" srcset=\"https:\/\/sztolniagwarkow.pl\/wp-content\/uploads\/2024\/08\/Zalewski012.jpg 816w, https:\/\/sztolniagwarkow.pl\/wp-content\/uploads\/2024\/08\/Zalewski012-300x245.jpg 300w, https:\/\/sztolniagwarkow.pl\/wp-content\/uploads\/2024\/08\/Zalewski012-768x628.jpg 768w\" sizes=\"auto, (max-width: 816px) 100vw, 816px\" \/><\/figure>\n\n\n\n<figure class=\"wp-block-image size-large\"><img loading=\"lazy\" decoding=\"async\" width=\"816\" height=\"667\" data-id=\"3626\" src=\"https:\/\/sztolniagwarkow.pl\/wp-content\/uploads\/2024\/08\/Zalewski013.jpg\" alt=\"\" class=\"wp-image-3626\" srcset=\"https:\/\/sztolniagwarkow.pl\/wp-content\/uploads\/2024\/08\/Zalewski013.jpg 816w, https:\/\/sztolniagwarkow.pl\/wp-content\/uploads\/2024\/08\/Zalewski013-300x245.jpg 300w, https:\/\/sztolniagwarkow.pl\/wp-content\/uploads\/2024\/08\/Zalewski013-768x628.jpg 768w\" sizes=\"auto, (max-width: 816px) 100vw, 816px\" \/><\/figure>\n\n\n\n<figure class=\"wp-block-image size-large\"><img loading=\"lazy\" decoding=\"async\" width=\"612\" height=\"871\" data-id=\"3634\" src=\"https:\/\/sztolniagwarkow.pl\/wp-content\/uploads\/2024\/08\/Zalewski014.jpg\" alt=\"\" class=\"wp-image-3634\" srcset=\"https:\/\/sztolniagwarkow.pl\/wp-content\/uploads\/2024\/08\/Zalewski014.jpg 612w, https:\/\/sztolniagwarkow.pl\/wp-content\/uploads\/2024\/08\/Zalewski014-211x300.jpg 211w\" sizes=\"auto, (max-width: 612px) 100vw, 612px\" \/><\/figure>\n\n\n\n<figure class=\"wp-block-image size-large\"><img loading=\"lazy\" decoding=\"async\" width=\"612\" height=\"871\" data-id=\"3633\" src=\"https:\/\/sztolniagwarkow.pl\/wp-content\/uploads\/2024\/08\/Zalewski015.jpg\" alt=\"\" class=\"wp-image-3633\" srcset=\"https:\/\/sztolniagwarkow.pl\/wp-content\/uploads\/2024\/08\/Zalewski015.jpg 612w, https:\/\/sztolniagwarkow.pl\/wp-content\/uploads\/2024\/08\/Zalewski015-211x300.jpg 211w\" sizes=\"auto, (max-width: 612px) 100vw, 612px\" \/><\/figure>\n\n\n\n\n\n\n\n<figure class=\"wp-block-image size-large\"><img loading=\"lazy\" decoding=\"async\" width=\"612\" height=\"871\" data-id=\"3636\" src=\"https:\/\/sztolniagwarkow.pl\/wp-content\/uploads\/2024\/08\/Zalewski018.jpg\" alt=\"\" class=\"wp-image-3636\" srcset=\"https:\/\/sztolniagwarkow.pl\/wp-content\/uploads\/2024\/08\/Zalewski018.jpg 612w, https:\/\/sztolniagwarkow.pl\/wp-content\/uploads\/2024\/08\/Zalewski018-211x300.jpg 211w\" sizes=\"auto, (max-width: 612px) 100vw, 612px\" \/><\/figure>\n\n\n\n\n\n\n\n\n\n\n\n\n\n\n\n\n\n\n\n<figure class=\"wp-block-image size-large\"><img loading=\"lazy\" decoding=\"async\" width=\"612\" height=\"871\" data-id=\"3638\" src=\"https:\/\/sztolniagwarkow.pl\/wp-content\/uploads\/2024\/08\/Zalewski027.jpg\" alt=\"\" class=\"wp-image-3638\" srcset=\"https:\/\/sztolniagwarkow.pl\/wp-content\/uploads\/2024\/08\/Zalewski027.jpg 612w, https:\/\/sztolniagwarkow.pl\/wp-content\/uploads\/2024\/08\/Zalewski027-211x300.jpg 211w\" sizes=\"auto, (max-width: 612px) 100vw, 612px\" \/><\/figure>\n\n\n\n<figure class=\"wp-block-image size-large\"><img loading=\"lazy\" decoding=\"async\" width=\"612\" height=\"871\" data-id=\"3637\" src=\"https:\/\/sztolniagwarkow.pl\/wp-content\/uploads\/2024\/08\/Zalewski028.jpg\" alt=\"\" class=\"wp-image-3637\" srcset=\"https:\/\/sztolniagwarkow.pl\/wp-content\/uploads\/2024\/08\/Zalewski028.jpg 612w, https:\/\/sztolniagwarkow.pl\/wp-content\/uploads\/2024\/08\/Zalewski028-211x300.jpg 211w\" sizes=\"auto, (max-width: 612px) 100vw, 612px\" \/><\/figure>\n\n\n\n\n\n<figure class=\"wp-block-image size-large\"><img loading=\"lazy\" decoding=\"async\" width=\"612\" height=\"871\" data-id=\"3640\" src=\"https:\/\/sztolniagwarkow.pl\/wp-content\/uploads\/2024\/08\/Zalewski030.jpg\" alt=\"\" class=\"wp-image-3640\" srcset=\"https:\/\/sztolniagwarkow.pl\/wp-content\/uploads\/2024\/08\/Zalewski030.jpg 612w, https:\/\/sztolniagwarkow.pl\/wp-content\/uploads\/2024\/08\/Zalewski030-211x300.jpg 211w\" sizes=\"auto, (max-width: 612px) 100vw, 612px\" \/><\/figure>\n\n\n\n\n\n\n\n\n\n\n\n\n\n\n\n<figure class=\"wp-block-image size-large\"><img loading=\"lazy\" decoding=\"async\" width=\"816\" height=\"667\" data-id=\"3635\" src=\"https:\/\/sztolniagwarkow.pl\/wp-content\/uploads\/2024\/08\/Zalewski037.jpg\" alt=\"\" class=\"wp-image-3635\" srcset=\"https:\/\/sztolniagwarkow.pl\/wp-content\/uploads\/2024\/08\/Zalewski037.jpg 816w, https:\/\/sztolniagwarkow.pl\/wp-content\/uploads\/2024\/08\/Zalewski037-300x245.jpg 300w, https:\/\/sztolniagwarkow.pl\/wp-content\/uploads\/2024\/08\/Zalewski037-768x628.jpg 768w\" sizes=\"auto, (max-width: 816px) 100vw, 816px\" \/><\/figure>\n\n\n\n\n\n\n\n\n\n\n\n\n\n\n\n\n\n<figure class=\"wp-block-image size-large\"><img loading=\"lazy\" decoding=\"async\" width=\"612\" height=\"871\" data-id=\"3641\" src=\"https:\/\/sztolniagwarkow.pl\/wp-content\/uploads\/2024\/08\/Zalewski045.jpg\" alt=\"\" class=\"wp-image-3641\" srcset=\"https:\/\/sztolniagwarkow.pl\/wp-content\/uploads\/2024\/08\/Zalewski045.jpg 612w, https:\/\/sztolniagwarkow.pl\/wp-content\/uploads\/2024\/08\/Zalewski045-211x300.jpg 211w\" sizes=\"auto, (max-width: 612px) 100vw, 612px\" \/><\/figure>\n\n\n\n\n\n\n<\/figure>\n","protected":false},"excerpt":{"rendered":"","protected":false},"author":1,"featured_media":0,"parent":0,"menu_order":0,"comment_status":"closed","ping_status":"closed","template":"","meta":{"ngg_post_thumbnail":0,"footnotes":""},"class_list":["post-3619","page","type-page","status-publish","hentry","entry"],"yoast_head":"<!-- This site is optimized with the Yoast SEO plugin v19.0 - https:\/\/yoast.com\/wordpress\/plugins\/seo\/ -->\n<title>Grzegorz Zalewski - Kolekcja g\u00f3rnicza<\/title>\n<meta name=\"robots\" content=\"index, follow, max-snippet:-1, max-image-preview:large, max-video-preview:-1\" \/>\n<link rel=\"canonical\" href=\"https:\/\/sztolniagwarkow.pl\/?page_id=3619\" \/>\n<meta property=\"og:locale\" content=\"pl_PL\" \/>\n<meta property=\"og:type\" content=\"article\" \/>\n<meta property=\"og:title\" content=\"Grzegorz Zalewski - Kolekcja g\u00f3rnicza\" \/>\n<meta property=\"og:url\" content=\"https:\/\/sztolniagwarkow.pl\/?page_id=3619\" \/>\n<meta property=\"og:site_name\" content=\"Kolekcja g\u00f3rnicza\" \/>\n<meta property=\"article:modified_time\" content=\"2024-08-20T13:14:38+00:00\" \/>\n<meta property=\"og:image\" content=\"https:\/\/sztolniagwarkow.pl\/wp-content\/uploads\/2024\/08\/Zalewski001.jpg\" \/>\n<meta name=\"twitter:card\" content=\"summary_large_image\" \/>\n<script type=\"application\/ld+json\" class=\"yoast-schema-graph\">{\"@context\":\"https:\/\/schema.org\",\"@graph\":[{\"@type\":\"WebSite\",\"@id\":\"https:\/\/sztolniagwarkow.pl\/#website\",\"url\":\"https:\/\/sztolniagwarkow.pl\/\",\"name\":\"Kolekcja g\u00f3rnicza\",\"description\":\"Kolekcja pami\u0105tek g\u00f3rniczych Zbigniewa J\u00f3\u017awiakowskiego - zachowajmy pami\u0119\u0107 o g\u00f3rniczych tradycjach w Wa\u0142brzych.\",\"potentialAction\":[{\"@type\":\"SearchAction\",\"target\":{\"@type\":\"EntryPoint\",\"urlTemplate\":\"https:\/\/sztolniagwarkow.pl\/?s={search_term_string}\"},\"query-input\":\"required name=search_term_string\"}],\"inLanguage\":\"pl-PL\"},{\"@type\":\"ImageObject\",\"inLanguage\":\"pl-PL\",\"@id\":\"https:\/\/sztolniagwarkow.pl\/?page_id=3619#primaryimage\",\"url\":\"https:\/\/sztolniagwarkow.pl\/wp-content\/uploads\/2024\/08\/Zalewski001.jpg\",\"contentUrl\":\"https:\/\/sztolniagwarkow.pl\/wp-content\/uploads\/2024\/08\/Zalewski001.jpg\"},{\"@type\":\"WebPage\",\"@id\":\"https:\/\/sztolniagwarkow.pl\/?page_id=3619#webpage\",\"url\":\"https:\/\/sztolniagwarkow.pl\/?page_id=3619\",\"name\":\"Grzegorz Zalewski - Kolekcja g\u00f3rnicza\",\"isPartOf\":{\"@id\":\"https:\/\/sztolniagwarkow.pl\/#website\"},\"primaryImageOfPage\":{\"@id\":\"https:\/\/sztolniagwarkow.pl\/?page_id=3619#primaryimage\"},\"datePublished\":\"2024-08-20T13:14:37+00:00\",\"dateModified\":\"2024-08-20T13:14:38+00:00\",\"breadcrumb\":{\"@id\":\"https:\/\/sztolniagwarkow.pl\/?page_id=3619#breadcrumb\"},\"inLanguage\":\"pl-PL\",\"potentialAction\":[{\"@type\":\"ReadAction\",\"target\":[\"https:\/\/sztolniagwarkow.pl\/?page_id=3619\"]}]},{\"@type\":\"BreadcrumbList\",\"@id\":\"https:\/\/sztolniagwarkow.pl\/?page_id=3619#breadcrumb\",\"itemListElement\":[{\"@type\":\"ListItem\",\"position\":1,\"name\":\"Home\",\"item\":\"https:\/\/sztolniagwarkow.pl\/\"},{\"@type\":\"ListItem\",\"position\":2,\"name\":\"Grzegorz Zalewski\"}]}]}<\/script>\n<!-- \/ Yoast SEO plugin. -->","yoast_head_json":{"title":"Grzegorz Zalewski - Kolekcja g\u00f3rnicza","robots":{"index":"index","follow":"follow","max-snippet":"max-snippet:-1","max-image-preview":"max-image-preview:large","max-video-preview":"max-video-preview:-1"},"canonical":"https:\/\/sztolniagwarkow.pl\/?page_id=3619","og_locale":"pl_PL","og_type":"article","og_title":"Grzegorz Zalewski - Kolekcja g\u00f3rnicza","og_url":"https:\/\/sztolniagwarkow.pl\/?page_id=3619","og_site_name":"Kolekcja g\u00f3rnicza","article_modified_time":"2024-08-20T13:14:38+00:00","og_image":[{"url":"https:\/\/sztolniagwarkow.pl\/wp-content\/uploads\/2024\/08\/Zalewski001.jpg"}],"twitter_card":"summary_large_image","schema":{"@context":"https:\/\/schema.org","@graph":[{"@type":"WebSite","@id":"https:\/\/sztolniagwarkow.pl\/#website","url":"https:\/\/sztolniagwarkow.pl\/","name":"Kolekcja g\u00f3rnicza","description":"Kolekcja pami\u0105tek g\u00f3rniczych Zbigniewa J\u00f3\u017awiakowskiego - zachowajmy pami\u0119\u0107 o g\u00f3rniczych tradycjach w Wa\u0142brzych.","potentialAction":[{"@type":"SearchAction","target":{"@type":"EntryPoint","urlTemplate":"https:\/\/sztolniagwarkow.pl\/?s={search_term_string}"},"query-input":"required name=search_term_string"}],"inLanguage":"pl-PL"},{"@type":"ImageObject","inLanguage":"pl-PL","@id":"https:\/\/sztolniagwarkow.pl\/?page_id=3619#primaryimage","url":"https:\/\/sztolniagwarkow.pl\/wp-content\/uploads\/2024\/08\/Zalewski001.jpg","contentUrl":"https:\/\/sztolniagwarkow.pl\/wp-content\/uploads\/2024\/08\/Zalewski001.jpg"},{"@type":"WebPage","@id":"https:\/\/sztolniagwarkow.pl\/?page_id=3619#webpage","url":"https:\/\/sztolniagwarkow.pl\/?page_id=3619","name":"Grzegorz Zalewski - Kolekcja g\u00f3rnicza","isPartOf":{"@id":"https:\/\/sztolniagwarkow.pl\/#website"},"primaryImageOfPage":{"@id":"https:\/\/sztolniagwarkow.pl\/?page_id=3619#primaryimage"},"datePublished":"2024-08-20T13:14:37+00:00","dateModified":"2024-08-20T13:14:38+00:00","breadcrumb":{"@id":"https:\/\/sztolniagwarkow.pl\/?page_id=3619#breadcrumb"},"inLanguage":"pl-PL","potentialAction":[{"@type":"ReadAction","target":["https:\/\/sztolniagwarkow.pl\/?page_id=3619"]}]},{"@type":"BreadcrumbList","@id":"https:\/\/sztolniagwarkow.pl\/?page_id=3619#breadcrumb","itemListElement":[{"@type":"ListItem","position":1,"name":"Home","item":"https:\/\/sztolniagwarkow.pl\/"},{"@type":"ListItem","position":2,"name":"Grzegorz Zalewski"}]}]}},"_links":{"self":[{"href":"https:\/\/sztolniagwarkow.pl\/index.php?rest_route=\/wp\/v2\/pages\/3619","targetHints":{"allow":["GET"]}}],"collection":[{"href":"https:\/\/sztolniagwarkow.pl\/index.php?rest_route=\/wp\/v2\/pages"}],"about":[{"href":"https:\/\/sztolniagwarkow.pl\/index.php?rest_route=\/wp\/v2\/types\/page"}],"author":[{"embeddable":true,"href":"https:\/\/sztolniagwarkow.pl\/index.php?rest_route=\/wp\/v2\/users\/1"}],"replies":[{"embeddable":true,"href":"https:\/\/sztolniagwarkow.pl\/index.php?rest_route=%2Fwp%2Fv2%2Fcomments&post=3619"}],"version-history":[{"count":2,"href":"https:\/\/sztolniagwarkow.pl\/index.php?rest_route=\/wp\/v2\/pages\/3619\/revisions"}],"predecessor-version":[{"id":3643,"href":"https:\/\/sztolniagwarkow.pl\/index.php?rest_route=\/wp\/v2\/pages\/3619\/revisions\/3643"}],"wp:attachment":[{"href":"https:\/\/sztolniagwarkow.pl\/index.php?rest_route=%2Fwp%2Fv2%2Fmedia&parent=3619"}],"curies":[{"name":"wp","href":"https:\/\/api.w.org\/{rel}","templated":true}]}}