{"id":3909,"date":"2024-10-19T21:19:15","date_gmt":"2024-10-19T19:19:15","guid":{"rendered":"https:\/\/sztolniagwarkow.pl\/?page_id=3909"},"modified":"2024-10-19T21:19:16","modified_gmt":"2024-10-19T19:19:16","slug":"franciszek-fiegler","status":"publish","type":"page","link":"https:\/\/sztolniagwarkow.pl\/?page_id=3909","title":{"rendered":"Franciszek Fiegler"},"content":{"rendered":"\n<figure class=\"wp-block-gallery has-nested-images columns-default is-cropped wp-block-gallery-1 is-layout-flex wp-block-gallery-is-layout-flex\">\n<figure class=\"wp-block-image size-large\"><img loading=\"lazy\" decoding=\"async\" width=\"459\" height=\"645\" data-id=\"3912\" src=\"https:\/\/sztolniagwarkow.pl\/wp-content\/uploads\/2024\/10\/FieglerFranciszek_003.jpg\" alt=\"\" class=\"wp-image-3912\" srcset=\"https:\/\/sztolniagwarkow.pl\/wp-content\/uploads\/2024\/10\/FieglerFranciszek_003.jpg 459w, https:\/\/sztolniagwarkow.pl\/wp-content\/uploads\/2024\/10\/FieglerFranciszek_003-213x300.jpg 213w\" sizes=\"auto, (max-width: 459px) 100vw, 459px\" \/><\/figure>\n\n\n\n<figure class=\"wp-block-image size-large\"><img loading=\"lazy\" decoding=\"async\" width=\"459\" height=\"645\" data-id=\"3914\" src=\"https:\/\/sztolniagwarkow.pl\/wp-content\/uploads\/2024\/10\/FieglerFranciszek_004.jpg\" alt=\"\" class=\"wp-image-3914\" srcset=\"https:\/\/sztolniagwarkow.pl\/wp-content\/uploads\/2024\/10\/FieglerFranciszek_004.jpg 459w, https:\/\/sztolniagwarkow.pl\/wp-content\/uploads\/2024\/10\/FieglerFranciszek_004-213x300.jpg 213w\" sizes=\"auto, (max-width: 459px) 100vw, 459px\" \/><\/figure>\n\n\n\n<figure class=\"wp-block-image size-large\"><img loading=\"lazy\" decoding=\"async\" width=\"459\" height=\"645\" data-id=\"3920\" src=\"https:\/\/sztolniagwarkow.pl\/wp-content\/uploads\/2024\/10\/FieglerFranciszek_010.jpg\" alt=\"\" class=\"wp-image-3920\" srcset=\"https:\/\/sztolniagwarkow.pl\/wp-content\/uploads\/2024\/10\/FieglerFranciszek_010.jpg 459w, https:\/\/sztolniagwarkow.pl\/wp-content\/uploads\/2024\/10\/FieglerFranciszek_010-213x300.jpg 213w\" sizes=\"auto, (max-width: 459px) 100vw, 459px\" \/><\/figure>\n\n\n\n<figure class=\"wp-block-image size-large\"><img loading=\"lazy\" decoding=\"async\" width=\"612\" height=\"492\" data-id=\"3911\" src=\"https:\/\/sztolniagwarkow.pl\/wp-content\/uploads\/2024\/10\/FieglerFranciszek_001.jpg\" alt=\"\" class=\"wp-image-3911\" srcset=\"https:\/\/sztolniagwarkow.pl\/wp-content\/uploads\/2024\/10\/FieglerFranciszek_001.jpg 612w, https:\/\/sztolniagwarkow.pl\/wp-content\/uploads\/2024\/10\/FieglerFranciszek_001-300x241.jpg 300w\" sizes=\"auto, (max-width: 612px) 100vw, 612px\" \/><\/figure>\n\n\n\n<figure class=\"wp-block-image size-large\"><img loading=\"lazy\" decoding=\"async\" width=\"459\" height=\"645\" data-id=\"3918\" src=\"https:\/\/sztolniagwarkow.pl\/wp-content\/uploads\/2024\/10\/FieglerFranciszek_002.jpg\" alt=\"\" class=\"wp-image-3918\" srcset=\"https:\/\/sztolniagwarkow.pl\/wp-content\/uploads\/2024\/10\/FieglerFranciszek_002.jpg 459w, https:\/\/sztolniagwarkow.pl\/wp-content\/uploads\/2024\/10\/FieglerFranciszek_002-213x300.jpg 213w\" sizes=\"auto, (max-width: 459px) 100vw, 459px\" \/><\/figure>\n\n\n\n<figure class=\"wp-block-image size-large\"><img loading=\"lazy\" decoding=\"async\" width=\"459\" height=\"645\" data-id=\"3917\" src=\"https:\/\/sztolniagwarkow.pl\/wp-content\/uploads\/2024\/10\/FieglerFranciszek_005.jpg\" alt=\"\" class=\"wp-image-3917\" srcset=\"https:\/\/sztolniagwarkow.pl\/wp-content\/uploads\/2024\/10\/FieglerFranciszek_005.jpg 459w, https:\/\/sztolniagwarkow.pl\/wp-content\/uploads\/2024\/10\/FieglerFranciszek_005-213x300.jpg 213w\" sizes=\"auto, (max-width: 459px) 100vw, 459px\" \/><\/figure>\n\n\n\n<figure class=\"wp-block-image size-large\"><img loading=\"lazy\" decoding=\"async\" width=\"612\" height=\"492\" data-id=\"3921\" src=\"https:\/\/sztolniagwarkow.pl\/wp-content\/uploads\/2024\/10\/FieglerFranciszek_011.jpg\" alt=\"\" class=\"wp-image-3921\" srcset=\"https:\/\/sztolniagwarkow.pl\/wp-content\/uploads\/2024\/10\/FieglerFranciszek_011.jpg 612w, https:\/\/sztolniagwarkow.pl\/wp-content\/uploads\/2024\/10\/FieglerFranciszek_011-300x241.jpg 300w\" sizes=\"auto, (max-width: 612px) 100vw, 612px\" \/><\/figure>\n\n\n\n<figure class=\"wp-block-image size-large\"><img loading=\"lazy\" decoding=\"async\" width=\"459\" height=\"645\" data-id=\"3916\" src=\"https:\/\/sztolniagwarkow.pl\/wp-content\/uploads\/2024\/10\/FieglerFranciszek_012.jpg\" alt=\"\" class=\"wp-image-3916\" srcset=\"https:\/\/sztolniagwarkow.pl\/wp-content\/uploads\/2024\/10\/FieglerFranciszek_012.jpg 459w, https:\/\/sztolniagwarkow.pl\/wp-content\/uploads\/2024\/10\/FieglerFranciszek_012-213x300.jpg 213w\" sizes=\"auto, (max-width: 459px) 100vw, 459px\" \/><\/figure>\n\n\n\n<figure class=\"wp-block-image size-large\"><img loading=\"lazy\" decoding=\"async\" width=\"459\" height=\"645\" data-id=\"3910\" src=\"https:\/\/sztolniagwarkow.pl\/wp-content\/uploads\/2024\/10\/FieglerFranciszek_006.jpg\" alt=\"\" class=\"wp-image-3910\" srcset=\"https:\/\/sztolniagwarkow.pl\/wp-content\/uploads\/2024\/10\/FieglerFranciszek_006.jpg 459w, https:\/\/sztolniagwarkow.pl\/wp-content\/uploads\/2024\/10\/FieglerFranciszek_006-213x300.jpg 213w\" sizes=\"auto, (max-width: 459px) 100vw, 459px\" \/><\/figure>\n\n\n\n<figure class=\"wp-block-image size-large\"><img loading=\"lazy\" decoding=\"async\" width=\"612\" height=\"492\" data-id=\"3913\" src=\"https:\/\/sztolniagwarkow.pl\/wp-content\/uploads\/2024\/10\/FieglerFranciszek_013.jpg\" alt=\"\" class=\"wp-image-3913\" srcset=\"https:\/\/sztolniagwarkow.pl\/wp-content\/uploads\/2024\/10\/FieglerFranciszek_013.jpg 612w, https:\/\/sztolniagwarkow.pl\/wp-content\/uploads\/2024\/10\/FieglerFranciszek_013-300x241.jpg 300w\" sizes=\"auto, (max-width: 612px) 100vw, 612px\" \/><\/figure>\n\n\n\n<figure class=\"wp-block-image size-large\"><img loading=\"lazy\" decoding=\"async\" width=\"612\" height=\"492\" data-id=\"3915\" src=\"https:\/\/sztolniagwarkow.pl\/wp-content\/uploads\/2024\/10\/FieglerFranciszek_008.jpg\" alt=\"\" class=\"wp-image-3915\" srcset=\"https:\/\/sztolniagwarkow.pl\/wp-content\/uploads\/2024\/10\/FieglerFranciszek_008.jpg 612w, https:\/\/sztolniagwarkow.pl\/wp-content\/uploads\/2024\/10\/FieglerFranciszek_008-300x241.jpg 300w\" sizes=\"auto, (max-width: 612px) 100vw, 612px\" \/><\/figure>\n\n\n\n<figure class=\"wp-block-image size-large\"><img loading=\"lazy\" decoding=\"async\" width=\"612\" height=\"492\" data-id=\"3919\" src=\"https:\/\/sztolniagwarkow.pl\/wp-content\/uploads\/2024\/10\/FieglerFranciszek_009.jpg\" alt=\"\" class=\"wp-image-3919\" srcset=\"https:\/\/sztolniagwarkow.pl\/wp-content\/uploads\/2024\/10\/FieglerFranciszek_009.jpg 612w, https:\/\/sztolniagwarkow.pl\/wp-content\/uploads\/2024\/10\/FieglerFranciszek_009-300x241.jpg 300w\" sizes=\"auto, (max-width: 612px) 100vw, 612px\" \/><\/figure>\n\n\n\n<figure class=\"wp-block-image size-large\"><img loading=\"lazy\" decoding=\"async\" width=\"612\" height=\"492\" data-id=\"3922\" src=\"https:\/\/sztolniagwarkow.pl\/wp-content\/uploads\/2024\/10\/FieglerFranciszek_007.jpg\" alt=\"Franciszek Fiegler\" class=\"wp-image-3922\" srcset=\"https:\/\/sztolniagwarkow.pl\/wp-content\/uploads\/2024\/10\/FieglerFranciszek_007.jpg 612w, https:\/\/sztolniagwarkow.pl\/wp-content\/uploads\/2024\/10\/FieglerFranciszek_007-300x241.jpg 300w\" sizes=\"auto, (max-width: 612px) 100vw, 612px\" \/><\/figure>\n<\/figure>\n","protected":false},"excerpt":{"rendered":"","protected":false},"author":1,"featured_media":0,"parent":0,"menu_order":0,"comment_status":"closed","ping_status":"closed","template":"","meta":{"ngg_post_thumbnail":0,"footnotes":""},"class_list":["post-3909","page","type-page","status-publish","hentry","entry"],"yoast_head":"<!-- This site is optimized with the Yoast SEO plugin v19.0 - https:\/\/yoast.com\/wordpress\/plugins\/seo\/ -->\n<title>Franciszek Fiegler - Kolekcja g\u00f3rnicza<\/title>\n<meta name=\"robots\" content=\"index, follow, max-snippet:-1, max-image-preview:large, max-video-preview:-1\" \/>\n<link rel=\"canonical\" href=\"https:\/\/sztolniagwarkow.pl\/?page_id=3909\" \/>\n<meta property=\"og:locale\" content=\"pl_PL\" \/>\n<meta property=\"og:type\" content=\"article\" \/>\n<meta property=\"og:title\" content=\"Franciszek Fiegler - Kolekcja g\u00f3rnicza\" \/>\n<meta property=\"og:url\" content=\"https:\/\/sztolniagwarkow.pl\/?page_id=3909\" \/>\n<meta property=\"og:site_name\" content=\"Kolekcja g\u00f3rnicza\" \/>\n<meta property=\"article:modified_time\" content=\"2024-10-19T19:19:16+00:00\" \/>\n<meta property=\"og:image\" content=\"https:\/\/sztolniagwarkow.pl\/wp-content\/uploads\/2024\/10\/FieglerFranciszek_003.jpg\" \/>\n<meta name=\"twitter:card\" content=\"summary_large_image\" \/>\n<script type=\"application\/ld+json\" class=\"yoast-schema-graph\">{\"@context\":\"https:\/\/schema.org\",\"@graph\":[{\"@type\":\"WebSite\",\"@id\":\"https:\/\/sztolniagwarkow.pl\/#website\",\"url\":\"https:\/\/sztolniagwarkow.pl\/\",\"name\":\"Kolekcja g\u00f3rnicza\",\"description\":\"Kolekcja pami\u0105tek g\u00f3rniczych Zbigniewa J\u00f3\u017awiakowskiego - zachowajmy pami\u0119\u0107 o g\u00f3rniczych tradycjach w Wa\u0142brzych.\",\"potentialAction\":[{\"@type\":\"SearchAction\",\"target\":{\"@type\":\"EntryPoint\",\"urlTemplate\":\"https:\/\/sztolniagwarkow.pl\/?s={search_term_string}\"},\"query-input\":\"required name=search_term_string\"}],\"inLanguage\":\"pl-PL\"},{\"@type\":\"ImageObject\",\"inLanguage\":\"pl-PL\",\"@id\":\"https:\/\/sztolniagwarkow.pl\/?page_id=3909#primaryimage\",\"url\":\"https:\/\/sztolniagwarkow.pl\/wp-content\/uploads\/2024\/10\/FieglerFranciszek_003.jpg\",\"contentUrl\":\"https:\/\/sztolniagwarkow.pl\/wp-content\/uploads\/2024\/10\/FieglerFranciszek_003.jpg\"},{\"@type\":\"WebPage\",\"@id\":\"https:\/\/sztolniagwarkow.pl\/?page_id=3909#webpage\",\"url\":\"https:\/\/sztolniagwarkow.pl\/?page_id=3909\",\"name\":\"Franciszek Fiegler - Kolekcja g\u00f3rnicza\",\"isPartOf\":{\"@id\":\"https:\/\/sztolniagwarkow.pl\/#website\"},\"primaryImageOfPage\":{\"@id\":\"https:\/\/sztolniagwarkow.pl\/?page_id=3909#primaryimage\"},\"datePublished\":\"2024-10-19T19:19:15+00:00\",\"dateModified\":\"2024-10-19T19:19:16+00:00\",\"breadcrumb\":{\"@id\":\"https:\/\/sztolniagwarkow.pl\/?page_id=3909#breadcrumb\"},\"inLanguage\":\"pl-PL\",\"potentialAction\":[{\"@type\":\"ReadAction\",\"target\":[\"https:\/\/sztolniagwarkow.pl\/?page_id=3909\"]}]},{\"@type\":\"BreadcrumbList\",\"@id\":\"https:\/\/sztolniagwarkow.pl\/?page_id=3909#breadcrumb\",\"itemListElement\":[{\"@type\":\"ListItem\",\"position\":1,\"name\":\"Home\",\"item\":\"https:\/\/sztolniagwarkow.pl\/\"},{\"@type\":\"ListItem\",\"position\":2,\"name\":\"Franciszek Fiegler\"}]}]}<\/script>\n<!-- \/ Yoast SEO plugin. -->","yoast_head_json":{"title":"Franciszek Fiegler - Kolekcja g\u00f3rnicza","robots":{"index":"index","follow":"follow","max-snippet":"max-snippet:-1","max-image-preview":"max-image-preview:large","max-video-preview":"max-video-preview:-1"},"canonical":"https:\/\/sztolniagwarkow.pl\/?page_id=3909","og_locale":"pl_PL","og_type":"article","og_title":"Franciszek Fiegler - Kolekcja g\u00f3rnicza","og_url":"https:\/\/sztolniagwarkow.pl\/?page_id=3909","og_site_name":"Kolekcja g\u00f3rnicza","article_modified_time":"2024-10-19T19:19:16+00:00","og_image":[{"url":"https:\/\/sztolniagwarkow.pl\/wp-content\/uploads\/2024\/10\/FieglerFranciszek_003.jpg"}],"twitter_card":"summary_large_image","schema":{"@context":"https:\/\/schema.org","@graph":[{"@type":"WebSite","@id":"https:\/\/sztolniagwarkow.pl\/#website","url":"https:\/\/sztolniagwarkow.pl\/","name":"Kolekcja g\u00f3rnicza","description":"Kolekcja pami\u0105tek g\u00f3rniczych Zbigniewa J\u00f3\u017awiakowskiego - zachowajmy pami\u0119\u0107 o g\u00f3rniczych tradycjach w Wa\u0142brzych.","potentialAction":[{"@type":"SearchAction","target":{"@type":"EntryPoint","urlTemplate":"https:\/\/sztolniagwarkow.pl\/?s={search_term_string}"},"query-input":"required name=search_term_string"}],"inLanguage":"pl-PL"},{"@type":"ImageObject","inLanguage":"pl-PL","@id":"https:\/\/sztolniagwarkow.pl\/?page_id=3909#primaryimage","url":"https:\/\/sztolniagwarkow.pl\/wp-content\/uploads\/2024\/10\/FieglerFranciszek_003.jpg","contentUrl":"https:\/\/sztolniagwarkow.pl\/wp-content\/uploads\/2024\/10\/FieglerFranciszek_003.jpg"},{"@type":"WebPage","@id":"https:\/\/sztolniagwarkow.pl\/?page_id=3909#webpage","url":"https:\/\/sztolniagwarkow.pl\/?page_id=3909","name":"Franciszek Fiegler - Kolekcja g\u00f3rnicza","isPartOf":{"@id":"https:\/\/sztolniagwarkow.pl\/#website"},"primaryImageOfPage":{"@id":"https:\/\/sztolniagwarkow.pl\/?page_id=3909#primaryimage"},"datePublished":"2024-10-19T19:19:15+00:00","dateModified":"2024-10-19T19:19:16+00:00","breadcrumb":{"@id":"https:\/\/sztolniagwarkow.pl\/?page_id=3909#breadcrumb"},"inLanguage":"pl-PL","potentialAction":[{"@type":"ReadAction","target":["https:\/\/sztolniagwarkow.pl\/?page_id=3909"]}]},{"@type":"BreadcrumbList","@id":"https:\/\/sztolniagwarkow.pl\/?page_id=3909#breadcrumb","itemListElement":[{"@type":"ListItem","position":1,"name":"Home","item":"https:\/\/sztolniagwarkow.pl\/"},{"@type":"ListItem","position":2,"name":"Franciszek Fiegler"}]}]}},"_links":{"self":[{"href":"https:\/\/sztolniagwarkow.pl\/index.php?rest_route=\/wp\/v2\/pages\/3909","targetHints":{"allow":["GET"]}}],"collection":[{"href":"https:\/\/sztolniagwarkow.pl\/index.php?rest_route=\/wp\/v2\/pages"}],"about":[{"href":"https:\/\/sztolniagwarkow.pl\/index.php?rest_route=\/wp\/v2\/types\/page"}],"author":[{"embeddable":true,"href":"https:\/\/sztolniagwarkow.pl\/index.php?rest_route=\/wp\/v2\/users\/1"}],"replies":[{"embeddable":true,"href":"https:\/\/sztolniagwarkow.pl\/index.php?rest_route=%2Fwp%2Fv2%2Fcomments&post=3909"}],"version-history":[{"count":1,"href":"https:\/\/sztolniagwarkow.pl\/index.php?rest_route=\/wp\/v2\/pages\/3909\/revisions"}],"predecessor-version":[{"id":3923,"href":"https:\/\/sztolniagwarkow.pl\/index.php?rest_route=\/wp\/v2\/pages\/3909\/revisions\/3923"}],"wp:attachment":[{"href":"https:\/\/sztolniagwarkow.pl\/index.php?rest_route=%2Fwp%2Fv2%2Fmedia&parent=3909"}],"curies":[{"name":"wp","href":"https:\/\/api.w.org\/{rel}","templated":true}]}}