{"id":4019,"date":"2025-03-29T18:19:33","date_gmt":"2025-03-29T17:19:33","guid":{"rendered":"https:\/\/sztolniagwarkow.pl\/?page_id=4019"},"modified":"2025-03-29T18:19:33","modified_gmt":"2025-03-29T17:19:33","slug":"lech-sobolewski","status":"publish","type":"page","link":"https:\/\/sztolniagwarkow.pl\/?page_id=4019","title":{"rendered":"Lech Sobolewski"},"content":{"rendered":"\n<figure class=\"wp-block-image size-large\"><img loading=\"lazy\" decoding=\"async\" width=\"485\" height=\"1024\" src=\"https:\/\/sztolniagwarkow.pl\/wp-content\/uploads\/2025\/03\/1f4747e2-46f0-4d60-ad2d-44c003ba77eb-485x1024.jpg\" alt=\"\" class=\"wp-image-4020\" srcset=\"https:\/\/sztolniagwarkow.pl\/wp-content\/uploads\/2025\/03\/1f4747e2-46f0-4d60-ad2d-44c003ba77eb-485x1024.jpg 485w, https:\/\/sztolniagwarkow.pl\/wp-content\/uploads\/2025\/03\/1f4747e2-46f0-4d60-ad2d-44c003ba77eb-142x300.jpg 142w, https:\/\/sztolniagwarkow.pl\/wp-content\/uploads\/2025\/03\/1f4747e2-46f0-4d60-ad2d-44c003ba77eb.jpg 720w\" sizes=\"auto, (max-width: 485px) 100vw, 485px\" \/><\/figure>\n\n\n\n<hr class=\"wp-block-separator has-alpha-channel-opacity\"\/>\n\n\n\n<figure class=\"wp-block-gallery has-nested-images columns-default is-cropped wp-block-gallery-1 is-layout-flex wp-block-gallery-is-layout-flex\">\n<figure class=\"wp-block-image size-large\"><img loading=\"lazy\" decoding=\"async\" width=\"1024\" height=\"768\" data-id=\"4042\" src=\"https:\/\/sztolniagwarkow.pl\/wp-content\/uploads\/2025\/03\/Sobolewski_001-1-1024x768.jpg\" alt=\"\" class=\"wp-image-4042\" srcset=\"https:\/\/sztolniagwarkow.pl\/wp-content\/uploads\/2025\/03\/Sobolewski_001-1-1024x768.jpg 1024w, https:\/\/sztolniagwarkow.pl\/wp-content\/uploads\/2025\/03\/Sobolewski_001-1-300x225.jpg 300w, https:\/\/sztolniagwarkow.pl\/wp-content\/uploads\/2025\/03\/Sobolewski_001-1-768x576.jpg 768w, https:\/\/sztolniagwarkow.pl\/wp-content\/uploads\/2025\/03\/Sobolewski_001-1.jpg 1224w\" sizes=\"auto, (max-width: 1024px) 100vw, 1024px\" \/><\/figure>\n\n\n\n<figure class=\"wp-block-image size-large\"><img loading=\"lazy\" decoding=\"async\" width=\"1024\" height=\"768\" data-id=\"4043\" src=\"https:\/\/sztolniagwarkow.pl\/wp-content\/uploads\/2025\/03\/Sobolewski_002-1-1024x768.jpg\" alt=\"\" class=\"wp-image-4043\" srcset=\"https:\/\/sztolniagwarkow.pl\/wp-content\/uploads\/2025\/03\/Sobolewski_002-1-1024x768.jpg 1024w, https:\/\/sztolniagwarkow.pl\/wp-content\/uploads\/2025\/03\/Sobolewski_002-1-300x225.jpg 300w, https:\/\/sztolniagwarkow.pl\/wp-content\/uploads\/2025\/03\/Sobolewski_002-1-768x576.jpg 768w, https:\/\/sztolniagwarkow.pl\/wp-content\/uploads\/2025\/03\/Sobolewski_002-1.jpg 1224w\" sizes=\"auto, (max-width: 1024px) 100vw, 1024px\" \/><\/figure>\n\n\n\n<figure class=\"wp-block-image size-large\"><img loading=\"lazy\" decoding=\"async\" width=\"1024\" height=\"768\" data-id=\"4045\" src=\"https:\/\/sztolniagwarkow.pl\/wp-content\/uploads\/2025\/03\/Sobolewski_003-1-1024x768.jpg\" alt=\"\" class=\"wp-image-4045\" srcset=\"https:\/\/sztolniagwarkow.pl\/wp-content\/uploads\/2025\/03\/Sobolewski_003-1-1024x768.jpg 1024w, https:\/\/sztolniagwarkow.pl\/wp-content\/uploads\/2025\/03\/Sobolewski_003-1-300x225.jpg 300w, https:\/\/sztolniagwarkow.pl\/wp-content\/uploads\/2025\/03\/Sobolewski_003-1-768x576.jpg 768w, https:\/\/sztolniagwarkow.pl\/wp-content\/uploads\/2025\/03\/Sobolewski_003-1.jpg 1224w\" sizes=\"auto, (max-width: 1024px) 100vw, 1024px\" \/><\/figure>\n\n\n\n<figure class=\"wp-block-image size-large\"><img loading=\"lazy\" decoding=\"async\" width=\"1024\" height=\"768\" data-id=\"4053\" src=\"https:\/\/sztolniagwarkow.pl\/wp-content\/uploads\/2025\/03\/Sobolewski_004-1-1024x768.jpg\" alt=\"\" class=\"wp-image-4053\" srcset=\"https:\/\/sztolniagwarkow.pl\/wp-content\/uploads\/2025\/03\/Sobolewski_004-1-1024x768.jpg 1024w, https:\/\/sztolniagwarkow.pl\/wp-content\/uploads\/2025\/03\/Sobolewski_004-1-300x225.jpg 300w, https:\/\/sztolniagwarkow.pl\/wp-content\/uploads\/2025\/03\/Sobolewski_004-1-768x576.jpg 768w, https:\/\/sztolniagwarkow.pl\/wp-content\/uploads\/2025\/03\/Sobolewski_004-1.jpg 1224w\" sizes=\"auto, (max-width: 1024px) 100vw, 1024px\" \/><\/figure>\n\n\n\n<figure class=\"wp-block-image size-large\"><img loading=\"lazy\" decoding=\"async\" width=\"1024\" height=\"768\" data-id=\"4055\" src=\"https:\/\/sztolniagwarkow.pl\/wp-content\/uploads\/2025\/03\/Sobolewski_005-1-1024x768.jpg\" alt=\"\" class=\"wp-image-4055\" srcset=\"https:\/\/sztolniagwarkow.pl\/wp-content\/uploads\/2025\/03\/Sobolewski_005-1-1024x768.jpg 1024w, https:\/\/sztolniagwarkow.pl\/wp-content\/uploads\/2025\/03\/Sobolewski_005-1-300x225.jpg 300w, https:\/\/sztolniagwarkow.pl\/wp-content\/uploads\/2025\/03\/Sobolewski_005-1-768x576.jpg 768w, https:\/\/sztolniagwarkow.pl\/wp-content\/uploads\/2025\/03\/Sobolewski_005-1.jpg 1224w\" sizes=\"auto, (max-width: 1024px) 100vw, 1024px\" \/><\/figure>\n\n\n\n<figure class=\"wp-block-image size-large\"><img loading=\"lazy\" decoding=\"async\" width=\"1024\" height=\"768\" data-id=\"4047\" src=\"https:\/\/sztolniagwarkow.pl\/wp-content\/uploads\/2025\/03\/Sobolewski_006-1-1024x768.jpg\" alt=\"\" class=\"wp-image-4047\" srcset=\"https:\/\/sztolniagwarkow.pl\/wp-content\/uploads\/2025\/03\/Sobolewski_006-1-1024x768.jpg 1024w, https:\/\/sztolniagwarkow.pl\/wp-content\/uploads\/2025\/03\/Sobolewski_006-1-300x225.jpg 300w, https:\/\/sztolniagwarkow.pl\/wp-content\/uploads\/2025\/03\/Sobolewski_006-1-768x576.jpg 768w, https:\/\/sztolniagwarkow.pl\/wp-content\/uploads\/2025\/03\/Sobolewski_006-1.jpg 1224w\" sizes=\"auto, (max-width: 1024px) 100vw, 1024px\" \/><\/figure>\n\n\n\n<figure class=\"wp-block-image size-large\"><img loading=\"lazy\" decoding=\"async\" width=\"1024\" height=\"768\" data-id=\"4048\" src=\"https:\/\/sztolniagwarkow.pl\/wp-content\/uploads\/2025\/03\/Sobolewski_007-1-1024x768.jpg\" alt=\"\" class=\"wp-image-4048\" srcset=\"https:\/\/sztolniagwarkow.pl\/wp-content\/uploads\/2025\/03\/Sobolewski_007-1-1024x768.jpg 1024w, https:\/\/sztolniagwarkow.pl\/wp-content\/uploads\/2025\/03\/Sobolewski_007-1-300x225.jpg 300w, https:\/\/sztolniagwarkow.pl\/wp-content\/uploads\/2025\/03\/Sobolewski_007-1-768x576.jpg 768w, https:\/\/sztolniagwarkow.pl\/wp-content\/uploads\/2025\/03\/Sobolewski_007-1.jpg 1224w\" sizes=\"auto, (max-width: 1024px) 100vw, 1024px\" \/><\/figure>\n\n\n\n<figure class=\"wp-block-image size-large\"><img loading=\"lazy\" decoding=\"async\" width=\"1024\" height=\"768\" data-id=\"4050\" src=\"https:\/\/sztolniagwarkow.pl\/wp-content\/uploads\/2025\/03\/Sobolewski_007a-1024x768.jpg\" alt=\"\" class=\"wp-image-4050\" srcset=\"https:\/\/sztolniagwarkow.pl\/wp-content\/uploads\/2025\/03\/Sobolewski_007a-1024x768.jpg 1024w, https:\/\/sztolniagwarkow.pl\/wp-content\/uploads\/2025\/03\/Sobolewski_007a-300x225.jpg 300w, https:\/\/sztolniagwarkow.pl\/wp-content\/uploads\/2025\/03\/Sobolewski_007a-768x576.jpg 768w, https:\/\/sztolniagwarkow.pl\/wp-content\/uploads\/2025\/03\/Sobolewski_007a.jpg 1224w\" sizes=\"auto, (max-width: 1024px) 100vw, 1024px\" \/><\/figure>\n\n\n\n<figure class=\"wp-block-image size-large\"><img loading=\"lazy\" decoding=\"async\" width=\"768\" height=\"1024\" data-id=\"4057\" src=\"https:\/\/sztolniagwarkow.pl\/wp-content\/uploads\/2025\/03\/Sobolewski_008-1-768x1024.jpg\" alt=\"\" class=\"wp-image-4057\" srcset=\"https:\/\/sztolniagwarkow.pl\/wp-content\/uploads\/2025\/03\/Sobolewski_008-1-768x1024.jpg 768w, https:\/\/sztolniagwarkow.pl\/wp-content\/uploads\/2025\/03\/Sobolewski_008-1-225x300.jpg 225w, https:\/\/sztolniagwarkow.pl\/wp-content\/uploads\/2025\/03\/Sobolewski_008-1.jpg 918w\" sizes=\"auto, (max-width: 768px) 100vw, 768px\" \/><\/figure>\n\n\n\n<figure class=\"wp-block-image size-large\"><img loading=\"lazy\" decoding=\"async\" width=\"768\" height=\"1024\" data-id=\"4046\" src=\"https:\/\/sztolniagwarkow.pl\/wp-content\/uploads\/2025\/03\/Sobolewski_009-1-768x1024.jpg\" alt=\"\" class=\"wp-image-4046\" srcset=\"https:\/\/sztolniagwarkow.pl\/wp-content\/uploads\/2025\/03\/Sobolewski_009-1-768x1024.jpg 768w, https:\/\/sztolniagwarkow.pl\/wp-content\/uploads\/2025\/03\/Sobolewski_009-1-225x300.jpg 225w, https:\/\/sztolniagwarkow.pl\/wp-content\/uploads\/2025\/03\/Sobolewski_009-1.jpg 918w\" sizes=\"auto, (max-width: 768px) 100vw, 768px\" \/><\/figure>\n\n\n\n<figure class=\"wp-block-image size-large\"><img loading=\"lazy\" decoding=\"async\" width=\"768\" height=\"1024\" data-id=\"4054\" src=\"https:\/\/sztolniagwarkow.pl\/wp-content\/uploads\/2025\/03\/Sobolewski_011-1-768x1024.jpg\" alt=\"\" class=\"wp-image-4054\" srcset=\"https:\/\/sztolniagwarkow.pl\/wp-content\/uploads\/2025\/03\/Sobolewski_011-1-768x1024.jpg 768w, https:\/\/sztolniagwarkow.pl\/wp-content\/uploads\/2025\/03\/Sobolewski_011-1-225x300.jpg 225w, https:\/\/sztolniagwarkow.pl\/wp-content\/uploads\/2025\/03\/Sobolewski_011-1.jpg 918w\" sizes=\"auto, (max-width: 768px) 100vw, 768px\" \/><\/figure>\n\n\n\n<figure class=\"wp-block-image size-large\"><img loading=\"lazy\" decoding=\"async\" width=\"768\" height=\"1024\" data-id=\"4044\" src=\"https:\/\/sztolniagwarkow.pl\/wp-content\/uploads\/2025\/03\/Sobolewski_012-1-768x1024.jpg\" alt=\"\" class=\"wp-image-4044\" srcset=\"https:\/\/sztolniagwarkow.pl\/wp-content\/uploads\/2025\/03\/Sobolewski_012-1-768x1024.jpg 768w, https:\/\/sztolniagwarkow.pl\/wp-content\/uploads\/2025\/03\/Sobolewski_012-1-225x300.jpg 225w, https:\/\/sztolniagwarkow.pl\/wp-content\/uploads\/2025\/03\/Sobolewski_012-1.jpg 918w\" sizes=\"auto, (max-width: 768px) 100vw, 768px\" \/><\/figure>\n\n\n\n<figure class=\"wp-block-image size-large\"><img loading=\"lazy\" decoding=\"async\" width=\"768\" height=\"1024\" data-id=\"4051\" src=\"https:\/\/sztolniagwarkow.pl\/wp-content\/uploads\/2025\/03\/Sobolewski_013-1-768x1024.jpg\" alt=\"\" class=\"wp-image-4051\" srcset=\"https:\/\/sztolniagwarkow.pl\/wp-content\/uploads\/2025\/03\/Sobolewski_013-1-768x1024.jpg 768w, https:\/\/sztolniagwarkow.pl\/wp-content\/uploads\/2025\/03\/Sobolewski_013-1-225x300.jpg 225w, https:\/\/sztolniagwarkow.pl\/wp-content\/uploads\/2025\/03\/Sobolewski_013-1.jpg 918w\" sizes=\"auto, (max-width: 768px) 100vw, 768px\" \/><\/figure>\n\n\n\n<figure class=\"wp-block-image size-large\"><img loading=\"lazy\" decoding=\"async\" width=\"768\" height=\"1024\" data-id=\"4059\" src=\"https:\/\/sztolniagwarkow.pl\/wp-content\/uploads\/2025\/03\/Sobolewski_014-1-768x1024.jpg\" alt=\"\" class=\"wp-image-4059\" srcset=\"https:\/\/sztolniagwarkow.pl\/wp-content\/uploads\/2025\/03\/Sobolewski_014-1-768x1024.jpg 768w, https:\/\/sztolniagwarkow.pl\/wp-content\/uploads\/2025\/03\/Sobolewski_014-1-225x300.jpg 225w, https:\/\/sztolniagwarkow.pl\/wp-content\/uploads\/2025\/03\/Sobolewski_014-1.jpg 918w\" sizes=\"auto, (max-width: 768px) 100vw, 768px\" \/><\/figure>\n\n\n\n<figure class=\"wp-block-image size-large\"><img loading=\"lazy\" decoding=\"async\" width=\"768\" height=\"1024\" data-id=\"4061\" src=\"https:\/\/sztolniagwarkow.pl\/wp-content\/uploads\/2025\/03\/Sobolewski_015-768x1024.jpg\" alt=\"\" class=\"wp-image-4061\" srcset=\"https:\/\/sztolniagwarkow.pl\/wp-content\/uploads\/2025\/03\/Sobolewski_015-768x1024.jpg 768w, https:\/\/sztolniagwarkow.pl\/wp-content\/uploads\/2025\/03\/Sobolewski_015-225x300.jpg 225w, https:\/\/sztolniagwarkow.pl\/wp-content\/uploads\/2025\/03\/Sobolewski_015.jpg 918w\" sizes=\"auto, (max-width: 768px) 100vw, 768px\" \/><\/figure>\n\n\n\n<figure class=\"wp-block-image size-large\"><img loading=\"lazy\" decoding=\"async\" width=\"768\" height=\"1024\" data-id=\"4060\" src=\"https:\/\/sztolniagwarkow.pl\/wp-content\/uploads\/2025\/03\/Sobolewski_016-1-768x1024.jpg\" alt=\"\" class=\"wp-image-4060\" srcset=\"https:\/\/sztolniagwarkow.pl\/wp-content\/uploads\/2025\/03\/Sobolewski_016-1-768x1024.jpg 768w, https:\/\/sztolniagwarkow.pl\/wp-content\/uploads\/2025\/03\/Sobolewski_016-1-225x300.jpg 225w, https:\/\/sztolniagwarkow.pl\/wp-content\/uploads\/2025\/03\/Sobolewski_016-1.jpg 918w\" sizes=\"auto, (max-width: 768px) 100vw, 768px\" \/><\/figure>\n\n\n\n<figure class=\"wp-block-image size-large\"><img loading=\"lazy\" decoding=\"async\" width=\"768\" height=\"1024\" data-id=\"4049\" src=\"https:\/\/sztolniagwarkow.pl\/wp-content\/uploads\/2025\/03\/Sobolewski_017-1-768x1024.jpg\" alt=\"\" class=\"wp-image-4049\" srcset=\"https:\/\/sztolniagwarkow.pl\/wp-content\/uploads\/2025\/03\/Sobolewski_017-1-768x1024.jpg 768w, https:\/\/sztolniagwarkow.pl\/wp-content\/uploads\/2025\/03\/Sobolewski_017-1-225x300.jpg 225w, https:\/\/sztolniagwarkow.pl\/wp-content\/uploads\/2025\/03\/Sobolewski_017-1.jpg 918w\" sizes=\"auto, (max-width: 768px) 100vw, 768px\" \/><\/figure>\n\n\n\n<figure class=\"wp-block-image size-large\"><img loading=\"lazy\" decoding=\"async\" width=\"768\" height=\"1024\" data-id=\"4052\" src=\"https:\/\/sztolniagwarkow.pl\/wp-content\/uploads\/2025\/03\/Sobolewski_018-1-768x1024.jpg\" alt=\"\" class=\"wp-image-4052\" srcset=\"https:\/\/sztolniagwarkow.pl\/wp-content\/uploads\/2025\/03\/Sobolewski_018-1-768x1024.jpg 768w, https:\/\/sztolniagwarkow.pl\/wp-content\/uploads\/2025\/03\/Sobolewski_018-1-225x300.jpg 225w, https:\/\/sztolniagwarkow.pl\/wp-content\/uploads\/2025\/03\/Sobolewski_018-1.jpg 918w\" sizes=\"auto, (max-width: 768px) 100vw, 768px\" \/><\/figure>\n\n\n\n<figure class=\"wp-block-image size-large\"><img loading=\"lazy\" decoding=\"async\" width=\"768\" height=\"1024\" data-id=\"4063\" src=\"https:\/\/sztolniagwarkow.pl\/wp-content\/uploads\/2025\/03\/Sobolewski_019-1-768x1024.jpg\" alt=\"\" class=\"wp-image-4063\" srcset=\"https:\/\/sztolniagwarkow.pl\/wp-content\/uploads\/2025\/03\/Sobolewski_019-1-768x1024.jpg 768w, https:\/\/sztolniagwarkow.pl\/wp-content\/uploads\/2025\/03\/Sobolewski_019-1-225x300.jpg 225w, https:\/\/sztolniagwarkow.pl\/wp-content\/uploads\/2025\/03\/Sobolewski_019-1.jpg 918w\" sizes=\"auto, (max-width: 768px) 100vw, 768px\" \/><\/figure>\n\n\n\n<figure class=\"wp-block-image size-large\"><img loading=\"lazy\" decoding=\"async\" width=\"768\" height=\"1024\" data-id=\"4056\" src=\"https:\/\/sztolniagwarkow.pl\/wp-content\/uploads\/2025\/03\/Sobolewski_020-1-768x1024.jpg\" alt=\"\" class=\"wp-image-4056\" srcset=\"https:\/\/sztolniagwarkow.pl\/wp-content\/uploads\/2025\/03\/Sobolewski_020-1-768x1024.jpg 768w, https:\/\/sztolniagwarkow.pl\/wp-content\/uploads\/2025\/03\/Sobolewski_020-1-225x300.jpg 225w, https:\/\/sztolniagwarkow.pl\/wp-content\/uploads\/2025\/03\/Sobolewski_020-1.jpg 918w\" sizes=\"auto, (max-width: 768px) 100vw, 768px\" \/><\/figure>\n\n\n\n<figure class=\"wp-block-image size-large\"><img loading=\"lazy\" decoding=\"async\" width=\"768\" height=\"1024\" data-id=\"4062\" src=\"https:\/\/sztolniagwarkow.pl\/wp-content\/uploads\/2025\/03\/Sobolewski_021-1-768x1024.jpg\" alt=\"\" class=\"wp-image-4062\" srcset=\"https:\/\/sztolniagwarkow.pl\/wp-content\/uploads\/2025\/03\/Sobolewski_021-1-768x1024.jpg 768w, https:\/\/sztolniagwarkow.pl\/wp-content\/uploads\/2025\/03\/Sobolewski_021-1-225x300.jpg 225w, https:\/\/sztolniagwarkow.pl\/wp-content\/uploads\/2025\/03\/Sobolewski_021-1.jpg 918w\" sizes=\"auto, (max-width: 768px) 100vw, 768px\" \/><\/figure>\n\n\n\n<figure class=\"wp-block-image size-large\"><img loading=\"lazy\" decoding=\"async\" width=\"768\" height=\"1024\" data-id=\"4058\" src=\"https:\/\/sztolniagwarkow.pl\/wp-content\/uploads\/2025\/03\/Sobolewski_022-1-768x1024.jpg\" alt=\"\" class=\"wp-image-4058\" srcset=\"https:\/\/sztolniagwarkow.pl\/wp-content\/uploads\/2025\/03\/Sobolewski_022-1-768x1024.jpg 768w, https:\/\/sztolniagwarkow.pl\/wp-content\/uploads\/2025\/03\/Sobolewski_022-1-225x300.jpg 225w, https:\/\/sztolniagwarkow.pl\/wp-content\/uploads\/2025\/03\/Sobolewski_022-1.jpg 918w\" sizes=\"auto, (max-width: 768px) 100vw, 768px\" \/><\/figure>\n<\/figure>\n","protected":false},"excerpt":{"rendered":"","protected":false},"author":1,"featured_media":0,"parent":0,"menu_order":0,"comment_status":"closed","ping_status":"closed","template":"","meta":{"ngg_post_thumbnail":0,"footnotes":""},"class_list":["post-4019","page","type-page","status-publish","hentry","entry"],"yoast_head":"<!-- This site is optimized with the Yoast SEO plugin v19.0 - https:\/\/yoast.com\/wordpress\/plugins\/seo\/ -->\n<title>Lech Sobolewski - Kolekcja g\u00f3rnicza<\/title>\n<meta name=\"robots\" content=\"index, follow, max-snippet:-1, max-image-preview:large, max-video-preview:-1\" \/>\n<link rel=\"canonical\" href=\"https:\/\/sztolniagwarkow.pl\/?page_id=4019\" \/>\n<meta property=\"og:locale\" content=\"pl_PL\" \/>\n<meta property=\"og:type\" content=\"article\" \/>\n<meta property=\"og:title\" content=\"Lech Sobolewski - Kolekcja g\u00f3rnicza\" \/>\n<meta property=\"og:url\" content=\"https:\/\/sztolniagwarkow.pl\/?page_id=4019\" \/>\n<meta property=\"og:site_name\" content=\"Kolekcja g\u00f3rnicza\" \/>\n<meta property=\"og:image\" content=\"https:\/\/sztolniagwarkow.pl\/wp-content\/uploads\/2025\/03\/1f4747e2-46f0-4d60-ad2d-44c003ba77eb-485x1024.jpg\" \/>\n<meta name=\"twitter:card\" content=\"summary_large_image\" \/>\n<script type=\"application\/ld+json\" class=\"yoast-schema-graph\">{\"@context\":\"https:\/\/schema.org\",\"@graph\":[{\"@type\":\"WebSite\",\"@id\":\"https:\/\/sztolniagwarkow.pl\/#website\",\"url\":\"https:\/\/sztolniagwarkow.pl\/\",\"name\":\"Kolekcja g\u00f3rnicza\",\"description\":\"Kolekcja pami\u0105tek g\u00f3rniczych Zbigniewa J\u00f3\u017awiakowskiego - zachowajmy pami\u0119\u0107 o g\u00f3rniczych tradycjach w Wa\u0142brzych.\",\"potentialAction\":[{\"@type\":\"SearchAction\",\"target\":{\"@type\":\"EntryPoint\",\"urlTemplate\":\"https:\/\/sztolniagwarkow.pl\/?s={search_term_string}\"},\"query-input\":\"required name=search_term_string\"}],\"inLanguage\":\"pl-PL\"},{\"@type\":\"ImageObject\",\"inLanguage\":\"pl-PL\",\"@id\":\"https:\/\/sztolniagwarkow.pl\/?page_id=4019#primaryimage\",\"url\":\"https:\/\/sztolniagwarkow.pl\/wp-content\/uploads\/2025\/03\/1f4747e2-46f0-4d60-ad2d-44c003ba77eb-485x1024.jpg\",\"contentUrl\":\"https:\/\/sztolniagwarkow.pl\/wp-content\/uploads\/2025\/03\/1f4747e2-46f0-4d60-ad2d-44c003ba77eb-485x1024.jpg\"},{\"@type\":\"WebPage\",\"@id\":\"https:\/\/sztolniagwarkow.pl\/?page_id=4019#webpage\",\"url\":\"https:\/\/sztolniagwarkow.pl\/?page_id=4019\",\"name\":\"Lech Sobolewski - Kolekcja g\u00f3rnicza\",\"isPartOf\":{\"@id\":\"https:\/\/sztolniagwarkow.pl\/#website\"},\"primaryImageOfPage\":{\"@id\":\"https:\/\/sztolniagwarkow.pl\/?page_id=4019#primaryimage\"},\"datePublished\":\"2025-03-29T17:19:33+00:00\",\"dateModified\":\"2025-03-29T17:19:33+00:00\",\"breadcrumb\":{\"@id\":\"https:\/\/sztolniagwarkow.pl\/?page_id=4019#breadcrumb\"},\"inLanguage\":\"pl-PL\",\"potentialAction\":[{\"@type\":\"ReadAction\",\"target\":[\"https:\/\/sztolniagwarkow.pl\/?page_id=4019\"]}]},{\"@type\":\"BreadcrumbList\",\"@id\":\"https:\/\/sztolniagwarkow.pl\/?page_id=4019#breadcrumb\",\"itemListElement\":[{\"@type\":\"ListItem\",\"position\":1,\"name\":\"Home\",\"item\":\"https:\/\/sztolniagwarkow.pl\/\"},{\"@type\":\"ListItem\",\"position\":2,\"name\":\"Lech Sobolewski\"}]}]}<\/script>\n<!-- \/ Yoast SEO plugin. -->","yoast_head_json":{"title":"Lech Sobolewski - Kolekcja g\u00f3rnicza","robots":{"index":"index","follow":"follow","max-snippet":"max-snippet:-1","max-image-preview":"max-image-preview:large","max-video-preview":"max-video-preview:-1"},"canonical":"https:\/\/sztolniagwarkow.pl\/?page_id=4019","og_locale":"pl_PL","og_type":"article","og_title":"Lech Sobolewski - Kolekcja g\u00f3rnicza","og_url":"https:\/\/sztolniagwarkow.pl\/?page_id=4019","og_site_name":"Kolekcja g\u00f3rnicza","og_image":[{"url":"https:\/\/sztolniagwarkow.pl\/wp-content\/uploads\/2025\/03\/1f4747e2-46f0-4d60-ad2d-44c003ba77eb-485x1024.jpg"}],"twitter_card":"summary_large_image","schema":{"@context":"https:\/\/schema.org","@graph":[{"@type":"WebSite","@id":"https:\/\/sztolniagwarkow.pl\/#website","url":"https:\/\/sztolniagwarkow.pl\/","name":"Kolekcja g\u00f3rnicza","description":"Kolekcja pami\u0105tek g\u00f3rniczych Zbigniewa J\u00f3\u017awiakowskiego - zachowajmy pami\u0119\u0107 o g\u00f3rniczych tradycjach w Wa\u0142brzych.","potentialAction":[{"@type":"SearchAction","target":{"@type":"EntryPoint","urlTemplate":"https:\/\/sztolniagwarkow.pl\/?s={search_term_string}"},"query-input":"required name=search_term_string"}],"inLanguage":"pl-PL"},{"@type":"ImageObject","inLanguage":"pl-PL","@id":"https:\/\/sztolniagwarkow.pl\/?page_id=4019#primaryimage","url":"https:\/\/sztolniagwarkow.pl\/wp-content\/uploads\/2025\/03\/1f4747e2-46f0-4d60-ad2d-44c003ba77eb-485x1024.jpg","contentUrl":"https:\/\/sztolniagwarkow.pl\/wp-content\/uploads\/2025\/03\/1f4747e2-46f0-4d60-ad2d-44c003ba77eb-485x1024.jpg"},{"@type":"WebPage","@id":"https:\/\/sztolniagwarkow.pl\/?page_id=4019#webpage","url":"https:\/\/sztolniagwarkow.pl\/?page_id=4019","name":"Lech Sobolewski - Kolekcja g\u00f3rnicza","isPartOf":{"@id":"https:\/\/sztolniagwarkow.pl\/#website"},"primaryImageOfPage":{"@id":"https:\/\/sztolniagwarkow.pl\/?page_id=4019#primaryimage"},"datePublished":"2025-03-29T17:19:33+00:00","dateModified":"2025-03-29T17:19:33+00:00","breadcrumb":{"@id":"https:\/\/sztolniagwarkow.pl\/?page_id=4019#breadcrumb"},"inLanguage":"pl-PL","potentialAction":[{"@type":"ReadAction","target":["https:\/\/sztolniagwarkow.pl\/?page_id=4019"]}]},{"@type":"BreadcrumbList","@id":"https:\/\/sztolniagwarkow.pl\/?page_id=4019#breadcrumb","itemListElement":[{"@type":"ListItem","position":1,"name":"Home","item":"https:\/\/sztolniagwarkow.pl\/"},{"@type":"ListItem","position":2,"name":"Lech Sobolewski"}]}]}},"_links":{"self":[{"href":"https:\/\/sztolniagwarkow.pl\/index.php?rest_route=\/wp\/v2\/pages\/4019","targetHints":{"allow":["GET"]}}],"collection":[{"href":"https:\/\/sztolniagwarkow.pl\/index.php?rest_route=\/wp\/v2\/pages"}],"about":[{"href":"https:\/\/sztolniagwarkow.pl\/index.php?rest_route=\/wp\/v2\/types\/page"}],"author":[{"embeddable":true,"href":"https:\/\/sztolniagwarkow.pl\/index.php?rest_route=\/wp\/v2\/users\/1"}],"replies":[{"embeddable":true,"href":"https:\/\/sztolniagwarkow.pl\/index.php?rest_route=%2Fwp%2Fv2%2Fcomments&post=4019"}],"version-history":[{"count":1,"href":"https:\/\/sztolniagwarkow.pl\/index.php?rest_route=\/wp\/v2\/pages\/4019\/revisions"}],"predecessor-version":[{"id":4064,"href":"https:\/\/sztolniagwarkow.pl\/index.php?rest_route=\/wp\/v2\/pages\/4019\/revisions\/4064"}],"wp:attachment":[{"href":"https:\/\/sztolniagwarkow.pl\/index.php?rest_route=%2Fwp%2Fv2%2Fmedia&parent=4019"}],"curies":[{"name":"wp","href":"https:\/\/api.w.org\/{rel}","templated":true}]}}