{"id":4224,"date":"2025-12-07T11:49:30","date_gmt":"2025-12-07T10:49:30","guid":{"rendered":"https:\/\/sztolniagwarkow.pl\/?page_id=4224"},"modified":"2025-12-07T12:04:15","modified_gmt":"2025-12-07T11:04:15","slug":"marian-jedrzejewski","status":"publish","type":"page","link":"https:\/\/sztolniagwarkow.pl\/?page_id=4224","title":{"rendered":"Marian J\u0119drzejewski"},"content":{"rendered":"\n<figure class=\"wp-block-gallery has-nested-images columns-default is-cropped wp-block-gallery-1 is-layout-flex wp-block-gallery-is-layout-flex\">\n<figure class=\"wp-block-image size-large\"><img loading=\"lazy\" decoding=\"async\" width=\"461\" height=\"614\" data-id=\"4234\" src=\"https:\/\/sztolniagwarkow.pl\/wp-content\/uploads\/2025\/12\/Jedrzejewski_007.jpg\" alt=\"\" class=\"wp-image-4234\" srcset=\"https:\/\/sztolniagwarkow.pl\/wp-content\/uploads\/2025\/12\/Jedrzejewski_007.jpg 461w, https:\/\/sztolniagwarkow.pl\/wp-content\/uploads\/2025\/12\/Jedrzejewski_007-225x300.jpg 225w\" sizes=\"auto, (max-width: 461px) 100vw, 461px\" \/><\/figure>\n\n\n\n<figure class=\"wp-block-image size-large\"><img loading=\"lazy\" decoding=\"async\" width=\"461\" height=\"614\" data-id=\"4225\" src=\"https:\/\/sztolniagwarkow.pl\/wp-content\/uploads\/2025\/12\/Jedrzejewski_002.jpg\" alt=\"\" class=\"wp-image-4225\" srcset=\"https:\/\/sztolniagwarkow.pl\/wp-content\/uploads\/2025\/12\/Jedrzejewski_002.jpg 461w, https:\/\/sztolniagwarkow.pl\/wp-content\/uploads\/2025\/12\/Jedrzejewski_002-225x300.jpg 225w\" sizes=\"auto, (max-width: 461px) 100vw, 461px\" \/><\/figure>\n\n\n\n<figure class=\"wp-block-image size-large\"><img loading=\"lazy\" decoding=\"async\" width=\"461\" height=\"614\" data-id=\"4227\" src=\"https:\/\/sztolniagwarkow.pl\/wp-content\/uploads\/2025\/12\/Jedrzejewski_006.jpg\" alt=\"\" class=\"wp-image-4227\" srcset=\"https:\/\/sztolniagwarkow.pl\/wp-content\/uploads\/2025\/12\/Jedrzejewski_006.jpg 461w, https:\/\/sztolniagwarkow.pl\/wp-content\/uploads\/2025\/12\/Jedrzejewski_006-225x300.jpg 225w\" sizes=\"auto, (max-width: 461px) 100vw, 461px\" \/><\/figure>\n\n\n\n<figure class=\"wp-block-image size-large\"><img loading=\"lazy\" decoding=\"async\" width=\"614\" height=\"461\" data-id=\"4226\" src=\"https:\/\/sztolniagwarkow.pl\/wp-content\/uploads\/2025\/12\/Jedrzejewski_001.jpg\" alt=\"\" class=\"wp-image-4226\" srcset=\"https:\/\/sztolniagwarkow.pl\/wp-content\/uploads\/2025\/12\/Jedrzejewski_001.jpg 614w, https:\/\/sztolniagwarkow.pl\/wp-content\/uploads\/2025\/12\/Jedrzejewski_001-300x225.jpg 300w\" sizes=\"auto, (max-width: 614px) 100vw, 614px\" \/><\/figure>\n\n\n\n<figure class=\"wp-block-image size-large\"><img loading=\"lazy\" decoding=\"async\" width=\"614\" height=\"461\" data-id=\"4228\" src=\"https:\/\/sztolniagwarkow.pl\/wp-content\/uploads\/2025\/12\/Jedrzejewski_003.jpg\" alt=\"\" class=\"wp-image-4228\" srcset=\"https:\/\/sztolniagwarkow.pl\/wp-content\/uploads\/2025\/12\/Jedrzejewski_003.jpg 614w, https:\/\/sztolniagwarkow.pl\/wp-content\/uploads\/2025\/12\/Jedrzejewski_003-300x225.jpg 300w\" sizes=\"auto, (max-width: 614px) 100vw, 614px\" \/><\/figure>\n\n\n\n<figure class=\"wp-block-image size-large\"><img loading=\"lazy\" decoding=\"async\" width=\"614\" height=\"461\" data-id=\"4235\" src=\"https:\/\/sztolniagwarkow.pl\/wp-content\/uploads\/2025\/12\/Jedrzejewski_010.jpg\" alt=\"\" class=\"wp-image-4235\" srcset=\"https:\/\/sztolniagwarkow.pl\/wp-content\/uploads\/2025\/12\/Jedrzejewski_010.jpg 614w, https:\/\/sztolniagwarkow.pl\/wp-content\/uploads\/2025\/12\/Jedrzejewski_010-300x225.jpg 300w\" sizes=\"auto, (max-width: 614px) 100vw, 614px\" \/><\/figure>\n\n\n\n<figure class=\"wp-block-image size-large\"><img loading=\"lazy\" decoding=\"async\" width=\"461\" height=\"614\" data-id=\"4229\" src=\"https:\/\/sztolniagwarkow.pl\/wp-content\/uploads\/2025\/12\/Jedrzejewski_004.jpg\" alt=\"\" class=\"wp-image-4229\" srcset=\"https:\/\/sztolniagwarkow.pl\/wp-content\/uploads\/2025\/12\/Jedrzejewski_004.jpg 461w, https:\/\/sztolniagwarkow.pl\/wp-content\/uploads\/2025\/12\/Jedrzejewski_004-225x300.jpg 225w\" sizes=\"auto, (max-width: 461px) 100vw, 461px\" \/><\/figure>\n\n\n\n<figure class=\"wp-block-image size-large\"><img loading=\"lazy\" decoding=\"async\" width=\"461\" height=\"614\" data-id=\"4230\" src=\"https:\/\/sztolniagwarkow.pl\/wp-content\/uploads\/2025\/12\/Jedrzejewski_005.jpg\" alt=\"\" class=\"wp-image-4230\" srcset=\"https:\/\/sztolniagwarkow.pl\/wp-content\/uploads\/2025\/12\/Jedrzejewski_005.jpg 461w, https:\/\/sztolniagwarkow.pl\/wp-content\/uploads\/2025\/12\/Jedrzejewski_005-225x300.jpg 225w\" sizes=\"auto, (max-width: 461px) 100vw, 461px\" \/><\/figure>\n\n\n\n<figure class=\"wp-block-image size-large\"><img loading=\"lazy\" decoding=\"async\" width=\"461\" height=\"614\" data-id=\"4233\" src=\"https:\/\/sztolniagwarkow.pl\/wp-content\/uploads\/2025\/12\/Jedrzejewski_008.jpg\" alt=\"\" class=\"wp-image-4233\" srcset=\"https:\/\/sztolniagwarkow.pl\/wp-content\/uploads\/2025\/12\/Jedrzejewski_008.jpg 461w, https:\/\/sztolniagwarkow.pl\/wp-content\/uploads\/2025\/12\/Jedrzejewski_008-225x300.jpg 225w\" sizes=\"auto, (max-width: 461px) 100vw, 461px\" \/><\/figure>\n\n\n\n<figure class=\"wp-block-image size-large\"><img loading=\"lazy\" decoding=\"async\" width=\"614\" height=\"461\" data-id=\"4232\" src=\"https:\/\/sztolniagwarkow.pl\/wp-content\/uploads\/2025\/12\/Jedrzejewski_009.jpg\" alt=\"\" class=\"wp-image-4232\" srcset=\"https:\/\/sztolniagwarkow.pl\/wp-content\/uploads\/2025\/12\/Jedrzejewski_009.jpg 614w, https:\/\/sztolniagwarkow.pl\/wp-content\/uploads\/2025\/12\/Jedrzejewski_009-300x225.jpg 300w\" sizes=\"auto, (max-width: 614px) 100vw, 614px\" \/><\/figure>\n\n\n\n<figure class=\"wp-block-image size-large\"><img loading=\"lazy\" decoding=\"async\" width=\"461\" height=\"614\" data-id=\"4231\" src=\"https:\/\/sztolniagwarkow.pl\/wp-content\/uploads\/2025\/12\/Jedrzejewski_011.jpg\" alt=\"\" class=\"wp-image-4231\" srcset=\"https:\/\/sztolniagwarkow.pl\/wp-content\/uploads\/2025\/12\/Jedrzejewski_011.jpg 461w, https:\/\/sztolniagwarkow.pl\/wp-content\/uploads\/2025\/12\/Jedrzejewski_011-225x300.jpg 225w\" sizes=\"auto, (max-width: 461px) 100vw, 461px\" \/><\/figure>\n\n\n\n<figure class=\"wp-block-image size-large\"><img loading=\"lazy\" decoding=\"async\" width=\"461\" height=\"614\" data-id=\"4238\" src=\"https:\/\/sztolniagwarkow.pl\/wp-content\/uploads\/2025\/12\/Jedrzejewski_012.jpg\" alt=\"\" class=\"wp-image-4238\" srcset=\"https:\/\/sztolniagwarkow.pl\/wp-content\/uploads\/2025\/12\/Jedrzejewski_012.jpg 461w, https:\/\/sztolniagwarkow.pl\/wp-content\/uploads\/2025\/12\/Jedrzejewski_012-225x300.jpg 225w\" sizes=\"auto, (max-width: 461px) 100vw, 461px\" \/><\/figure>\n\n\n\n<figure class=\"wp-block-image size-large\"><img loading=\"lazy\" decoding=\"async\" width=\"461\" height=\"614\" data-id=\"4236\" src=\"https:\/\/sztolniagwarkow.pl\/wp-content\/uploads\/2025\/12\/Jedrzejewski_013.jpg\" alt=\"\" class=\"wp-image-4236\" srcset=\"https:\/\/sztolniagwarkow.pl\/wp-content\/uploads\/2025\/12\/Jedrzejewski_013.jpg 461w, https:\/\/sztolniagwarkow.pl\/wp-content\/uploads\/2025\/12\/Jedrzejewski_013-225x300.jpg 225w\" sizes=\"auto, (max-width: 461px) 100vw, 461px\" \/><\/figure>\n\n\n\n<figure class=\"wp-block-image size-large\"><img loading=\"lazy\" decoding=\"async\" width=\"461\" height=\"614\" data-id=\"4237\" src=\"https:\/\/sztolniagwarkow.pl\/wp-content\/uploads\/2025\/12\/Jedrzejewski_014.jpg\" alt=\"\" class=\"wp-image-4237\" srcset=\"https:\/\/sztolniagwarkow.pl\/wp-content\/uploads\/2025\/12\/Jedrzejewski_014.jpg 461w, https:\/\/sztolniagwarkow.pl\/wp-content\/uploads\/2025\/12\/Jedrzejewski_014-225x300.jpg 225w\" sizes=\"auto, (max-width: 461px) 100vw, 461px\" \/><\/figure>\n<\/figure>\n\n\n\n<p><\/p>\n","protected":false},"excerpt":{"rendered":"","protected":false},"author":1,"featured_media":0,"parent":0,"menu_order":0,"comment_status":"closed","ping_status":"closed","template":"","meta":{"ngg_post_thumbnail":0,"footnotes":""},"class_list":["post-4224","page","type-page","status-publish","hentry","entry"],"yoast_head":"<!-- This site is optimized with the Yoast SEO plugin v19.0 - https:\/\/yoast.com\/wordpress\/plugins\/seo\/ -->\n<title>Marian J\u0119drzejewski - Kolekcja g\u00f3rnicza<\/title>\n<meta name=\"robots\" content=\"index, follow, max-snippet:-1, max-image-preview:large, max-video-preview:-1\" \/>\n<link rel=\"canonical\" href=\"https:\/\/sztolniagwarkow.pl\/?page_id=4224\" \/>\n<meta property=\"og:locale\" content=\"pl_PL\" \/>\n<meta property=\"og:type\" content=\"article\" \/>\n<meta property=\"og:title\" content=\"Marian J\u0119drzejewski - Kolekcja g\u00f3rnicza\" \/>\n<meta property=\"og:url\" content=\"https:\/\/sztolniagwarkow.pl\/?page_id=4224\" \/>\n<meta property=\"og:site_name\" content=\"Kolekcja g\u00f3rnicza\" \/>\n<meta property=\"article:modified_time\" content=\"2025-12-07T11:04:15+00:00\" \/>\n<meta property=\"og:image\" content=\"https:\/\/sztolniagwarkow.pl\/wp-content\/uploads\/2025\/12\/Jedrzejewski_007.jpg\" \/>\n<meta name=\"twitter:card\" content=\"summary_large_image\" \/>\n<script type=\"application\/ld+json\" class=\"yoast-schema-graph\">{\"@context\":\"https:\/\/schema.org\",\"@graph\":[{\"@type\":\"WebSite\",\"@id\":\"https:\/\/sztolniagwarkow.pl\/#website\",\"url\":\"https:\/\/sztolniagwarkow.pl\/\",\"name\":\"Kolekcja g\u00f3rnicza\",\"description\":\"Kolekcja pami\u0105tek g\u00f3rniczych Zbigniewa J\u00f3\u017awiakowskiego - zachowajmy pami\u0119\u0107 o g\u00f3rniczych tradycjach w Wa\u0142brzych.\",\"potentialAction\":[{\"@type\":\"SearchAction\",\"target\":{\"@type\":\"EntryPoint\",\"urlTemplate\":\"https:\/\/sztolniagwarkow.pl\/?s={search_term_string}\"},\"query-input\":\"required name=search_term_string\"}],\"inLanguage\":\"pl-PL\"},{\"@type\":\"ImageObject\",\"inLanguage\":\"pl-PL\",\"@id\":\"https:\/\/sztolniagwarkow.pl\/?page_id=4224#primaryimage\",\"url\":\"https:\/\/sztolniagwarkow.pl\/wp-content\/uploads\/2025\/12\/Jedrzejewski_007.jpg\",\"contentUrl\":\"https:\/\/sztolniagwarkow.pl\/wp-content\/uploads\/2025\/12\/Jedrzejewski_007.jpg\",\"width\":461,\"height\":614},{\"@type\":\"WebPage\",\"@id\":\"https:\/\/sztolniagwarkow.pl\/?page_id=4224#webpage\",\"url\":\"https:\/\/sztolniagwarkow.pl\/?page_id=4224\",\"name\":\"Marian J\u0119drzejewski - Kolekcja g\u00f3rnicza\",\"isPartOf\":{\"@id\":\"https:\/\/sztolniagwarkow.pl\/#website\"},\"primaryImageOfPage\":{\"@id\":\"https:\/\/sztolniagwarkow.pl\/?page_id=4224#primaryimage\"},\"datePublished\":\"2025-12-07T10:49:30+00:00\",\"dateModified\":\"2025-12-07T11:04:15+00:00\",\"breadcrumb\":{\"@id\":\"https:\/\/sztolniagwarkow.pl\/?page_id=4224#breadcrumb\"},\"inLanguage\":\"pl-PL\",\"potentialAction\":[{\"@type\":\"ReadAction\",\"target\":[\"https:\/\/sztolniagwarkow.pl\/?page_id=4224\"]}]},{\"@type\":\"BreadcrumbList\",\"@id\":\"https:\/\/sztolniagwarkow.pl\/?page_id=4224#breadcrumb\",\"itemListElement\":[{\"@type\":\"ListItem\",\"position\":1,\"name\":\"Home\",\"item\":\"https:\/\/sztolniagwarkow.pl\/\"},{\"@type\":\"ListItem\",\"position\":2,\"name\":\"Marian J\u0119drzejewski\"}]}]}<\/script>\n<!-- \/ Yoast SEO plugin. -->","yoast_head_json":{"title":"Marian J\u0119drzejewski - Kolekcja g\u00f3rnicza","robots":{"index":"index","follow":"follow","max-snippet":"max-snippet:-1","max-image-preview":"max-image-preview:large","max-video-preview":"max-video-preview:-1"},"canonical":"https:\/\/sztolniagwarkow.pl\/?page_id=4224","og_locale":"pl_PL","og_type":"article","og_title":"Marian J\u0119drzejewski - Kolekcja g\u00f3rnicza","og_url":"https:\/\/sztolniagwarkow.pl\/?page_id=4224","og_site_name":"Kolekcja g\u00f3rnicza","article_modified_time":"2025-12-07T11:04:15+00:00","og_image":[{"url":"https:\/\/sztolniagwarkow.pl\/wp-content\/uploads\/2025\/12\/Jedrzejewski_007.jpg"}],"twitter_card":"summary_large_image","schema":{"@context":"https:\/\/schema.org","@graph":[{"@type":"WebSite","@id":"https:\/\/sztolniagwarkow.pl\/#website","url":"https:\/\/sztolniagwarkow.pl\/","name":"Kolekcja g\u00f3rnicza","description":"Kolekcja pami\u0105tek g\u00f3rniczych Zbigniewa J\u00f3\u017awiakowskiego - zachowajmy pami\u0119\u0107 o g\u00f3rniczych tradycjach w Wa\u0142brzych.","potentialAction":[{"@type":"SearchAction","target":{"@type":"EntryPoint","urlTemplate":"https:\/\/sztolniagwarkow.pl\/?s={search_term_string}"},"query-input":"required name=search_term_string"}],"inLanguage":"pl-PL"},{"@type":"ImageObject","inLanguage":"pl-PL","@id":"https:\/\/sztolniagwarkow.pl\/?page_id=4224#primaryimage","url":"https:\/\/sztolniagwarkow.pl\/wp-content\/uploads\/2025\/12\/Jedrzejewski_007.jpg","contentUrl":"https:\/\/sztolniagwarkow.pl\/wp-content\/uploads\/2025\/12\/Jedrzejewski_007.jpg","width":461,"height":614},{"@type":"WebPage","@id":"https:\/\/sztolniagwarkow.pl\/?page_id=4224#webpage","url":"https:\/\/sztolniagwarkow.pl\/?page_id=4224","name":"Marian J\u0119drzejewski - Kolekcja g\u00f3rnicza","isPartOf":{"@id":"https:\/\/sztolniagwarkow.pl\/#website"},"primaryImageOfPage":{"@id":"https:\/\/sztolniagwarkow.pl\/?page_id=4224#primaryimage"},"datePublished":"2025-12-07T10:49:30+00:00","dateModified":"2025-12-07T11:04:15+00:00","breadcrumb":{"@id":"https:\/\/sztolniagwarkow.pl\/?page_id=4224#breadcrumb"},"inLanguage":"pl-PL","potentialAction":[{"@type":"ReadAction","target":["https:\/\/sztolniagwarkow.pl\/?page_id=4224"]}]},{"@type":"BreadcrumbList","@id":"https:\/\/sztolniagwarkow.pl\/?page_id=4224#breadcrumb","itemListElement":[{"@type":"ListItem","position":1,"name":"Home","item":"https:\/\/sztolniagwarkow.pl\/"},{"@type":"ListItem","position":2,"name":"Marian J\u0119drzejewski"}]}]}},"_links":{"self":[{"href":"https:\/\/sztolniagwarkow.pl\/index.php?rest_route=\/wp\/v2\/pages\/4224","targetHints":{"allow":["GET"]}}],"collection":[{"href":"https:\/\/sztolniagwarkow.pl\/index.php?rest_route=\/wp\/v2\/pages"}],"about":[{"href":"https:\/\/sztolniagwarkow.pl\/index.php?rest_route=\/wp\/v2\/types\/page"}],"author":[{"embeddable":true,"href":"https:\/\/sztolniagwarkow.pl\/index.php?rest_route=\/wp\/v2\/users\/1"}],"replies":[{"embeddable":true,"href":"https:\/\/sztolniagwarkow.pl\/index.php?rest_route=%2Fwp%2Fv2%2Fcomments&post=4224"}],"version-history":[{"count":2,"href":"https:\/\/sztolniagwarkow.pl\/index.php?rest_route=\/wp\/v2\/pages\/4224\/revisions"}],"predecessor-version":[{"id":4250,"href":"https:\/\/sztolniagwarkow.pl\/index.php?rest_route=\/wp\/v2\/pages\/4224\/revisions\/4250"}],"wp:attachment":[{"href":"https:\/\/sztolniagwarkow.pl\/index.php?rest_route=%2Fwp%2Fv2%2Fmedia&parent=4224"}],"curies":[{"name":"wp","href":"https:\/\/api.w.org\/{rel}","templated":true}]}}